{"id":1545,"date":"2024-06-06T06:06:45","date_gmt":"2024-06-06T04:06:45","guid":{"rendered":"http:\/\/ande.mikado-themes.com\/?page_id=1545"},"modified":"2024-09-07T12:22:51","modified_gmt":"2024-09-07T10:22:51","slug":"najcastejsie-otazky","status":"publish","type":"page","link":"https:\/\/mumbhai.sk\/central\/najcastejsie-otazky\/","title":{"rendered":"Naj\u010dastej\u0161ie ot\u00e1zky"},"content":{"rendered":"<div class=\"wpb-content-wrapper\"><p>[vc_row row_content_width=&#8220;grid&#8220;][vc_column]<div class=\"mkdf-accordion-holder mkdf-ac-default  mkdf-accordion mkdf-ac-boxed  clearfix\">\n\t<p class=\"mkdf-accordion-title\">\n\t<span class=\"mkdf-tab-title\">Nebude to pr\u00edli\u0161 \u0161tip\u013eav\u00e9?<\/span>\n<\/p>\n<div class=\"mkdf-accordion-content\">\n\t<div class=\"mkdf-accordion-content-inner\">\n\t\t[vc_column_text]V\u00fdborn\u00e1 ot\u00e1zka! Tento m\u00fdtus u n\u00e1s b\u00farame. Indick\u00e1 kuchy\u0148a je korenist\u00e1, ale to znamen\u00e1, \u017ee chute a v\u00f4ne s\u00fa intenz\u00edvne a \u010ditate\u013en\u00e9. Ka\u017ed\u00fd recept m\u00e1 svoj charakter, svoj p\u00f4vod a identitu, ktor\u00e9 si ct\u00edme. Ke\u010f m\u00e1 nie\u010do v\u00fdrazne chuti\u0165 po chilli, urob\u00edme to tak. Ale tie\u017e rob\u00edme sladk\u00e9 sladk\u00fdm, kysl\u00e9 kysl\u00fdm a podobne. Nebojte sa, \u017ee by ste v na\u0161om jed\u00e1lnom l\u00edstku museli len po\u010d\u00edta\u0165 chilli papri\u010dky. Rob\u00edme aj jedl\u00e1, ktor\u00e9 nie s\u00fa v\u00f4bec pikantn\u00e9.[\/vc_column_text][vc_empty_space height=&#8220;20px&#8220;][vc_single_image image=&#8220;5604&#8243; img_size=&#8220;full&#8220; alignment=&#8220;center&#8220; css=&#8220;&#8220;]\t<\/div>\n<\/div><p class=\"mkdf-accordion-title\">\n\t<span class=\"mkdf-tab-title\">Rob\u00edte aj obedov\u00e9 menu?<\/span>\n<\/p>\n<div class=\"mkdf-accordion-content\">\n\t<div class=\"mkdf-accordion-content-inner\">\n\t\t[vc_column_text]\u00c1no. V re\u0161taur\u00e1cii sa dr\u017e\u00edme hesla r\u00fdchle obedy, pomal\u00e9 ve\u010dere. Tak\u017ee ak chcete len pr\u00eds\u0165 na prest\u00e1vku z pr\u00e1ce, dobre sa najes\u0165 a be\u017ea\u0165 sp\u00e4\u0165 za svojimi povinnos\u0165ami, m\u00e1me pre v\u00e1s ka\u017ed\u00fd de\u0148 pripraven\u00fd v\u00fdber 4 jed\u00e1l.[\/vc_column_text][vc_empty_space height=&#8220;20px&#8220;][vc_single_image image=&#8220;5601&#8243; img_size=&#8220;full&#8220; alignment=&#8220;center&#8220; css=&#8220;&#8220;]\t<\/div>\n<\/div><p class=\"mkdf-accordion-title\">\n\t<span class=\"mkdf-tab-title\">Nepozn\u00e1m indick\u00e9 jedl\u00e1, ako si m\u00e1m vybra\u0165?<\/span>\n<\/p>\n<div class=\"mkdf-accordion-content\">\n\t<div class=\"mkdf-accordion-content-inner\">\n\t\t[vc_column_text]Vysk\u00fa\u0161ajte Combo menu. K 12 r\u00f4znorod\u00fdm hlavn\u00fdm jedl\u00e1m sme vybrali pr\u00edlohy, ktor\u00e9 sa k nim najviac hodia, tak\u017ee si m\u00f4\u017eete vybra\u0165 pod\u013ea toho, \u010do pozn\u00e1te. M\u00e1te chu\u0165 na \u0161pen\u00e1t? Palak Paneer! Krevety? Madras alebo Masala. Jah\u0148acina? Rogan Josh. Z Combo menu si ur\u010dite vyberiete a mysl\u00edme si, \u017ee budete spokojn\u00ed.[\/vc_column_text][vc_empty_space height=&#8220;20px&#8220;][vc_single_image image=&#8220;5599&#8243; img_size=&#8220;full&#8220; alignment=&#8220;center&#8220; css=&#8220;&#8220;]\t<\/div>\n<\/div><p class=\"mkdf-accordion-title\">\n\t<span class=\"mkdf-tab-title\">Chcem vysk\u00fa\u0161a\u0165 viacero jed\u00e1l. \u010co mi porad\u00edte?<\/span>\n<\/p>\n<div class=\"mkdf-accordion-content\">\n\t<div class=\"mkdf-accordion-content-inner\">\n\t\t[vc_column_text]Thali menu. Z ka\u017edej svetovej strany Indie sme skombinovali 3 hlavn\u00e9 jedl\u00e1, 2 druhy chleba a ry\u017eu, ak\u00e1 sa pod\u00e1va v tom-ktorom regi\u00f3ne.[\/vc_column_text][vc_empty_space height=&#8220;20px&#8220;][vc_single_image image=&#8220;5595&#8243; img_size=&#8220;full&#8220; alignment=&#8220;center&#8220; css=&#8220;&#8220;]\t<\/div>\n<\/div><p class=\"mkdf-accordion-title\">\n\t<span class=\"mkdf-tab-title\">Niektor\u00fdm potravin\u00e1m sa vyh\u00fdbam, m\u00e1m alergiu alebo intoleranciu. Vyberiem si?<\/span>\n<\/p>\n<div class=\"mkdf-accordion-content\">\n\t<div class=\"mkdf-accordion-content-inner\">\n\t\t[vc_column_text]Ur\u010dite \u00e1no. Indick\u00e1 kuchy\u0148a je bohat\u00e1 na vegetari\u00e1nske, veg\u00e1nske aj bezlepkov\u00e9 jedl\u00e1.[\/vc_column_text][vc_empty_space height=&#8220;20px&#8220;][vc_single_image image=&#8220;5596&#8243; img_size=&#8220;full&#8220; alignment=&#8220;center&#8220; css=&#8220;&#8220;]\t<\/div>\n<\/div><p class=\"mkdf-accordion-title\">\n\t<span class=\"mkdf-tab-title\">Pon\u00fakate degusta\u010dn\u00e9 menu?<\/span>\n<\/p>\n<div class=\"mkdf-accordion-content\">\n\t<div class=\"mkdf-accordion-content-inner\">\n\t\t[vc_column_text]Ve\u013emi radi! Degusta\u010dn\u00e9 menu v\u00e1m na mieru priprav\u00ed \u0161\u00e9fkuch\u00e1r Shrey pod\u013ea toho, \u010do by ste chceli ochutna\u0165. Po\u010das 60-90 min\u00fat v\u00e1m priprav\u00ed a naserv\u00edruje predjedlo, 4 hlavn\u00e9 jedl\u00e1 a 4 druhy chleba, z tandooru priamo na tanier. V\u0161etky jedl\u00e1 v\u00e1m predstav\u00ed, dozviete sa, odkia\u013e poch\u00e1dzaj\u00fa a ako sa pripravuj\u00fa. Degusta\u010dn\u00e1 ve\u010dera je vhodn\u00e1 na zozn\u00e1menie s indickou kuchy\u0148ou, ale aj\u00a0 pre scestovan\u00e9 \u00fasta. Nap\u00ed\u0161te n\u00e1m email, ozveme sa v\u00e1m a napl\u00e1nujeme t\u00fa va\u0161u.[\/vc_column_text][vc_empty_space height=&#8220;20px&#8220;][vc_single_image image=&#8220;5597&#8243; img_size=&#8220;full&#8220; alignment=&#8220;center&#8220; css=&#8220;&#8220;][vc_empty_space height=&#8220;20px&#8220;][vc_single_image image=&#8220;5598&#8243; img_size=&#8220;full&#8220; alignment=&#8220;center&#8220; css=&#8220;&#8220;]\t<\/div>\n<\/div><\/div>[\/vc_column][\/vc_row]<\/p>\n<\/div>","protected":false},"excerpt":{"rendered":"<p>[vc_row row_content_width=&#8220;grid&#8220;][vc_column][\/vc_column][\/vc_row]<\/p>\n","protected":false},"author":1,"featured_media":0,"parent":0,"menu_order":0,"comment_status":"closed","ping_status":"closed","template":"full-width.php","meta":{"footnotes":""},"class_list":["post-1545","page","type-page","status-publish","hentry"],"yoast_head":"<!-- This site is optimized with the Yoast SEO plugin v26.8 - https:\/\/yoast.com\/product\/yoast-seo-wordpress\/ -->\n<title>Naj\u010dastej\u0161ie ot\u00e1zky - MumBhai Central<\/title>\n<meta name=\"robots\" content=\"index, follow, max-snippet:-1, max-image-preview:large, max-video-preview:-1\" \/>\n<link rel=\"canonical\" href=\"https:\/\/mumbhai.sk\/central\/najcastejsie-otazky\/\" \/>\n<meta property=\"og:locale\" content=\"sk_SK\" \/>\n<meta property=\"og:type\" content=\"article\" \/>\n<meta property=\"og:title\" content=\"Naj\u010dastej\u0161ie ot\u00e1zky - MumBhai Central\" \/>\n<meta property=\"og:description\" content=\"[vc_row row_content_width=&#8220;grid&#8220;][vc_column][\/vc_column][\/vc_row]\" \/>\n<meta property=\"og:url\" content=\"https:\/\/mumbhai.sk\/central\/najcastejsie-otazky\/\" \/>\n<meta property=\"og:site_name\" content=\"MumBhai Central\" \/>\n<meta property=\"article:modified_time\" content=\"2024-09-07T10:22:51+00:00\" \/>\n<meta name=\"twitter:card\" content=\"summary_large_image\" \/>\n<meta name=\"twitter:label1\" content=\"Predpokladan\u00fd \u010das \u010d\u00edtania\" \/>\n\t<meta name=\"twitter:data1\" content=\"2 min\u00faty\" \/>\n<script type=\"application\/ld+json\" class=\"yoast-schema-graph\">{\"@context\":\"https:\/\/schema.org\",\"@graph\":[{\"@type\":\"WebPage\",\"@id\":\"https:\/\/mumbhai.sk\/central\/najcastejsie-otazky\/\",\"url\":\"https:\/\/mumbhai.sk\/central\/najcastejsie-otazky\/\",\"name\":\"Naj\u010dastej\u0161ie ot\u00e1zky - MumBhai Central\",\"isPartOf\":{\"@id\":\"https:\/\/mumbhai.sk\/central\/#website\"},\"datePublished\":\"2024-06-06T04:06:45+00:00\",\"dateModified\":\"2024-09-07T10:22:51+00:00\",\"breadcrumb\":{\"@id\":\"https:\/\/mumbhai.sk\/central\/najcastejsie-otazky\/#breadcrumb\"},\"inLanguage\":\"sk-SK\",\"potentialAction\":[{\"@type\":\"ReadAction\",\"target\":[\"https:\/\/mumbhai.sk\/central\/najcastejsie-otazky\/\"]}]},{\"@type\":\"BreadcrumbList\",\"@id\":\"https:\/\/mumbhai.sk\/central\/najcastejsie-otazky\/#breadcrumb\",\"itemListElement\":[{\"@type\":\"ListItem\",\"position\":1,\"name\":\"Home\",\"item\":\"https:\/\/mumbhai.sk\/central\/\"},{\"@type\":\"ListItem\",\"position\":2,\"name\":\"Naj\u010dastej\u0161ie ot\u00e1zky\"}]},{\"@type\":\"WebSite\",\"@id\":\"https:\/\/mumbhai.sk\/central\/#website\",\"url\":\"https:\/\/mumbhai.sk\/central\/\",\"name\":\"MumBhai Central\",\"description\":\"\",\"potentialAction\":[{\"@type\":\"SearchAction\",\"target\":{\"@type\":\"EntryPoint\",\"urlTemplate\":\"https:\/\/mumbhai.sk\/central\/?s={search_term_string}\"},\"query-input\":{\"@type\":\"PropertyValueSpecification\",\"valueRequired\":true,\"valueName\":\"search_term_string\"}}],\"inLanguage\":\"sk-SK\"}]}<\/script>\n<!-- \/ Yoast SEO plugin. -->","yoast_head_json":{"title":"Naj\u010dastej\u0161ie ot\u00e1zky - MumBhai Central","robots":{"index":"index","follow":"follow","max-snippet":"max-snippet:-1","max-image-preview":"max-image-preview:large","max-video-preview":"max-video-preview:-1"},"canonical":"https:\/\/mumbhai.sk\/central\/najcastejsie-otazky\/","og_locale":"sk_SK","og_type":"article","og_title":"Naj\u010dastej\u0161ie ot\u00e1zky - MumBhai Central","og_description":"[vc_row row_content_width=&#8220;grid&#8220;][vc_column][\/vc_column][\/vc_row]","og_url":"https:\/\/mumbhai.sk\/central\/najcastejsie-otazky\/","og_site_name":"MumBhai Central","article_modified_time":"2024-09-07T10:22:51+00:00","twitter_card":"summary_large_image","twitter_misc":{"Predpokladan\u00fd \u010das \u010d\u00edtania":"2 min\u00faty"},"schema":{"@context":"https:\/\/schema.org","@graph":[{"@type":"WebPage","@id":"https:\/\/mumbhai.sk\/central\/najcastejsie-otazky\/","url":"https:\/\/mumbhai.sk\/central\/najcastejsie-otazky\/","name":"Naj\u010dastej\u0161ie ot\u00e1zky - MumBhai Central","isPartOf":{"@id":"https:\/\/mumbhai.sk\/central\/#website"},"datePublished":"2024-06-06T04:06:45+00:00","dateModified":"2024-09-07T10:22:51+00:00","breadcrumb":{"@id":"https:\/\/mumbhai.sk\/central\/najcastejsie-otazky\/#breadcrumb"},"inLanguage":"sk-SK","potentialAction":[{"@type":"ReadAction","target":["https:\/\/mumbhai.sk\/central\/najcastejsie-otazky\/"]}]},{"@type":"BreadcrumbList","@id":"https:\/\/mumbhai.sk\/central\/najcastejsie-otazky\/#breadcrumb","itemListElement":[{"@type":"ListItem","position":1,"name":"Home","item":"https:\/\/mumbhai.sk\/central\/"},{"@type":"ListItem","position":2,"name":"Naj\u010dastej\u0161ie ot\u00e1zky"}]},{"@type":"WebSite","@id":"https:\/\/mumbhai.sk\/central\/#website","url":"https:\/\/mumbhai.sk\/central\/","name":"MumBhai Central","description":"","potentialAction":[{"@type":"SearchAction","target":{"@type":"EntryPoint","urlTemplate":"https:\/\/mumbhai.sk\/central\/?s={search_term_string}"},"query-input":{"@type":"PropertyValueSpecification","valueRequired":true,"valueName":"search_term_string"}}],"inLanguage":"sk-SK"}]}},"_links":{"self":[{"href":"https:\/\/mumbhai.sk\/central\/wp-json\/wp\/v2\/pages\/1545","targetHints":{"allow":["GET"]}}],"collection":[{"href":"https:\/\/mumbhai.sk\/central\/wp-json\/wp\/v2\/pages"}],"about":[{"href":"https:\/\/mumbhai.sk\/central\/wp-json\/wp\/v2\/types\/page"}],"author":[{"embeddable":true,"href":"https:\/\/mumbhai.sk\/central\/wp-json\/wp\/v2\/users\/1"}],"replies":[{"embeddable":true,"href":"https:\/\/mumbhai.sk\/central\/wp-json\/wp\/v2\/comments?post=1545"}],"version-history":[{"count":6,"href":"https:\/\/mumbhai.sk\/central\/wp-json\/wp\/v2\/pages\/1545\/revisions"}],"predecessor-version":[{"id":5633,"href":"https:\/\/mumbhai.sk\/central\/wp-json\/wp\/v2\/pages\/1545\/revisions\/5633"}],"wp:attachment":[{"href":"https:\/\/mumbhai.sk\/central\/wp-json\/wp\/v2\/media?parent=1545"}],"curies":[{"name":"wp","href":"https:\/\/api.w.org\/{rel}","templated":true}]}}