{"id":335,"date":"2024-06-06T06:06:43","date_gmt":"2024-06-06T04:06:43","guid":{"rendered":"http:\/\/ande.mikado-themes.com\/?page_id=335"},"modified":"2025-06-06T02:07:22","modified_gmt":"2025-06-06T00:07:22","slug":"rezervacia","status":"publish","type":"page","link":"https:\/\/mumbhai.sk\/central\/rezervacia\/","title":{"rendered":"Rezerv\u00e1cia"},"content":{"rendered":"<div class=\"wpb-content-wrapper\"><p>[vc_row row_content_width=&#8220;grid&#8220; content_text_aligment=&#8220;center&#8220;][vc_column css=&#8220;.vc_custom_1723734735182{padding-top: 35px !important;}&#8220;]<div class=\"mkdf-elements-holder   mkdf-one-column  mkdf-responsive-mode-768 \" ><div class=\"mkdf-eh-item    \"  data-item-class=\"mkdf-eh-custom-2498\" data-1025-1366=\"0 26.7%\" data-769-1024=\"0px 17.4%\" data-681-768=\"0 6.7%\" data-680=\"0px 3.6%\">\n\t<div class=\"mkdf-eh-item-inner\">\n\t\t<div class=\"mkdf-eh-item-content mkdf-eh-custom-2498\" style=\"padding: 0 30.4%\">\n\t\t\t\n<div class=\"wpcf7 no-js\" id=\"wpcf7-f5245-o1\" lang=\"sk-SK\" dir=\"ltr\" data-wpcf7-id=\"5245\">\n<div class=\"screen-reader-response\"><p role=\"status\" aria-live=\"polite\" aria-atomic=\"true\"><\/p> <ul><\/ul><\/div>\n<form action=\"\/central\/wp-json\/wp\/v2\/pages\/335#wpcf7-f5245-o1\" method=\"post\" class=\"wpcf7-form init cf7_custom_style_1\" aria-label=\"Kontaktn\u00fd formul\u00e1r\" novalidate=\"novalidate\" data-status=\"init\">\n<fieldset class=\"hidden-fields-container\"><input type=\"hidden\" name=\"_wpcf7\" value=\"5245\" \/><input type=\"hidden\" name=\"_wpcf7_version\" value=\"6.1.5\" \/><input type=\"hidden\" name=\"_wpcf7_locale\" value=\"sk_SK\" \/><input type=\"hidden\" name=\"_wpcf7_unit_tag\" value=\"wpcf7-f5245-o1\" \/><input type=\"hidden\" name=\"_wpcf7_container_post\" value=\"0\" \/><input type=\"hidden\" name=\"_wpcf7_posted_data_hash\" value=\"\" \/>\n<\/fieldset>\n<div>\n\t<div class=\"mkdf-grid-row mkdf-grid-tiny-gutter\">\n\t\t<p><label>Meno<\/label><br \/>\n<span class=\"wpcf7-form-control-wrap\" data-name=\"fullname\"><input size=\"40\" maxlength=\"400\" class=\"wpcf7-form-control wpcf7-text wpcf7-validates-as-required\" aria-required=\"true\" aria-invalid=\"false\" placeholder=\"Meno\" value=\"\" type=\"text\" name=\"fullname\" \/><\/span>\n\t\t<\/p>\n\t<\/div>\n\t<div class=\"mkdf-grid-row mkdf-grid-tiny-gutter\">\n\t\t<p><label>Telef\u00f3n<\/label><br \/>\n<span class=\"wpcf7-form-control-wrap\" data-name=\"phone\"><input size=\"40\" maxlength=\"400\" minlength=\"10\" class=\"wpcf7-form-control wpcf7-text\" aria-invalid=\"false\" placeholder=\"Telef\u00f3n\" value=\"\" type=\"text\" name=\"phone\" \/><\/span>\n\t\t<\/p>\n\t<\/div>\n\t<div class=\"mkdf-grid-row mkdf-grid-tiny-gutter\">\n\t\t<p><label>E-mail<\/label><br \/>\n<span class=\"wpcf7-form-control-wrap\" data-name=\"email\"><input size=\"40\" maxlength=\"400\" class=\"wpcf7-form-control wpcf7-email wpcf7-validates-as-required wpcf7-text wpcf7-validates-as-email\" aria-required=\"true\" aria-invalid=\"false\" placeholder=\"E-mail\" value=\"\" type=\"email\" name=\"email\" \/><\/span>\n\t\t<\/p>\n\t<\/div>\n\t<div class=\"mkdf-grid-row mkdf-grid-tiny-gutter\">\n\t\t<p><label>Po\u010det os\u00f4b<\/label><br \/>\n<span class=\"wpcf7-form-control-wrap\" data-name=\"count\"><select class=\"wpcf7-form-control wpcf7-select wpcf7-validates-as-required\" aria-required=\"true\" aria-invalid=\"false\" name=\"count\"><option value=\"\">Po\u010det os\u00f4b<\/option><option value=\"1\">1<\/option><option value=\"2\">2<\/option><option value=\"3\">3<\/option><option value=\"4\">4<\/option><option value=\"5\">5<\/option><option value=\"6\">6<\/option><option value=\"7\">7<\/option><option value=\"viac...\">viac...<\/option><\/select><\/span>\n\t\t<\/p>\n\t<\/div>\n\t<div class=\"mkdf-grid-row mkdf-grid-tiny-gutter\">\n\t\t<p><label>D\u00e1tum<\/label><br \/>\n<strong>V nede\u013eu m\u00e1me zatvoren\u00e9.<\/strong><br \/>\n<span class=\"wpcf7-form-control-wrap\" data-name=\"date\"><input class=\"wpcf7-form-control wpcf7-date wpcf7-validates-as-required wpcf7-validates-as-date\" aria-required=\"true\" aria-invalid=\"false\" value=\"2026-04-25\" type=\"date\" name=\"date\" \/><\/span>\n\t\t<\/p>\n\t<\/div>\n\t<div class=\"mkdf-grid-row mkdf-grid-tiny-gutter\">\n\t\t<p><label>\u010cas<\/label><br \/>\n<span class=\"wpcf7-form-control-wrap\" data-name=\"time\"><select class=\"wpcf7-form-control wpcf7-select wpcf7-validates-as-required\" aria-required=\"true\" aria-invalid=\"false\" name=\"time\"><option value=\"\">\u010cas<\/option><option value=\"11:00\">11:00<\/option><option value=\"11:30\">11:30<\/option><option value=\"12:00\">12:00<\/option><option value=\"12:30\">12:30<\/option><option value=\"13:00\">13:00<\/option><option value=\"13:30\">13:30<\/option><option value=\"14:00\">14:00<\/option><option value=\"14:30\">14:30<\/option><option value=\"15:00\">15:00<\/option><option value=\"15:30\">15:30<\/option><option value=\"16:00\">16:00<\/option><option value=\"16:30\">16:30<\/option><option value=\"17:00\">17:00<\/option><option value=\"17:30\">17:30<\/option><option value=\"18:00\">18:00<\/option><option value=\"18:30\">18:30<\/option><option value=\"19:00\">19:00<\/option><option value=\"19:30\">19:30<\/option><option value=\"20:00\">20:00<\/option><\/select><\/span>\n\t\t<\/p>\n\t<\/div>\n\t<div class=\"mkdf-grid-row mkdf-grid-tiny-gutter\">\n\t\t<p><label>Pozn\u00e1mka<\/label><br \/>\n<span class=\"wpcf7-form-control-wrap\" data-name=\"message\"><textarea cols=\"40\" rows=\"10\" maxlength=\"500\" class=\"wpcf7-form-control wpcf7-textarea wpcf7-validates-as-required\" aria-required=\"true\" aria-invalid=\"false\" name=\"message\"><\/textarea><\/span>\n\t\t<\/p>\n\t<\/div>\n\t<div class=\"mkdf-grid-row mkdf-grid-tiny-gutter \" style=\"text-align: center\">\n\t\t<p><input class=\"wpcf7-form-control wpcf7-submit has-spinner mkdf-btn-huge mkdf-btn mkdf-btn-solid\" type=\"submit\" value=\"Rezervuj\" \/>\n\t\t<\/p>\n\t<\/div>\n<\/div><div class=\"wpcf7-response-output\" aria-hidden=\"true\"><\/div>\n<\/form>\n<\/div>\n\t\t<\/div>\n\t<\/div>\n<\/div><\/div>[\/vc_column][\/vc_row][vc_row][vc_column][vc_raw_js]JTNDc2NyaXB0JTNFJTBBJTIwJTIwJTIwJTIwZG9jdW1lbnQuYWRkRXZlbnRMaXN0ZW5lciUyOCUyN0RPTUNvbnRlbnRMb2FkZWQlMjclMkMlMjBmdW5jdGlvbiUyOCUyOSUyMCU3QiUwQSUyMCUyMCUyMCUyMGNvbnN0JTIwZm9ybSUyMCUzRCUyMGRvY3VtZW50LnF1ZXJ5U2VsZWN0b3IlMjglMjcud3BjZjctZm9ybSUyNyUyOSUzQiUwQSUyMCUyMCUyMCUyMGNvbnN0JTIwaW5wdXREYXRlJTIwJTNEJTIwZm9ybS5xdWVyeVNlbGVjdG9yJTI4JTI3aW5wdXQlNUJuYW1lJTNEJTIyZGF0ZSUyMiU1RCUyNyUyOSUzQiUwQSUyMCUyMCUyMCUyMGNvbnN0JTIwc3VibWl0QnV0dG9uJTIwJTNEJTIwZm9ybS5xdWVyeVNlbGVjdG9yJTI4JTI3aW5wdXQlNUJ0eXBlJTNEJTIyc3VibWl0JTIyJTVEJTI3JTI5JTNCJTBBJTBBJTBBJTIwJTIwJTIwJTIwY29uc3QlMjBibG9ja2VkRGF0ZXMlMjAlM0QlMjAlNUIlMjcyMDI1LTA2LTEzJTI3JTJDJTIwJTI3MjAyNS0wNi0xNiUyNyU1RCUzQiUwQSUwQSUyMCUyMCUyMCUyMGZ1bmN0aW9uJTIwaXNCbG9ja2VkJTI4ZGF0ZSUyOSUyMCU3QiUwQSUyMCUyMCUyMCUyMHJldHVybiUyMGJsb2NrZWREYXRlcy5pbmNsdWRlcyUyOGRhdGUlMjklM0IlMEElMjAlMjAlMjAlMjAlN0QlMEElMEElMjAlMjAlMjAlMjAlMkYlMkYlMjBWJTIwZCVDNSU4OG9jaCUyMDEzLiUyMGElMjAxNi4lMjBqJUMzJUJBbmElMjAyMDI1JTIwbmllJTIwamUlMjBtbyVDNSVCRW4lQzMlQTklMjB2eXR2b3JpJUM1JUE1JTIwcmV6ZXJ2JUMzJUExY2l1LiUwQSUyMCUyMCUyMCUyMCUyRiUyRiUyMFJlc2VydmF0aW9ucyUyMGFyZSUyMG5vdCUyMGF2YWlsYWJsZSUyMG9uJTIwSnVuZSUyMDEzJTIwYW5kJTIwSnVuZSUyMDE2JTJDJTIwMjAyNS4lMEElMEElMjAlMjAlMjAlMjAlMkYlMkYlMjBJbml0aWFsJTIwY2hlY2slMjBvbiUyMHBhZ2UlMjBsb2FkJTBBJTIwJTIwJTIwJTIwaWYlMjAlMjhpc0Jsb2NrZWQlMjhpbnB1dERhdGUudmFsdWUlMjklMjklMjAlN0IlMEElMjAlMjAlMjAlMjBpbnB1dERhdGUudmFsdWUlMjAlM0QlMjAlMjclMjclM0IlMEElMjAlMjAlMjAlMjAlN0QlMEElMEElMjAlMjAlMjAlMjAlMkYlMkYlMjBPcHRpb25hbCUzQSUyMEFkZCUyMGElMjBjaGFuZ2UlMjBsaXN0ZW5lciUyMGlmJTIwdGhlJTIwdXNlciUyMGNhbiUyMHN0aWxsJTIwY2hhbmdlJTIwdGhlJTIwZGF0ZSUwQSUyMCUyMCUyMCUyMGlucHV0RGF0ZS5hZGRFdmVudExpc3RlbmVyJTI4JTI3Y2hhbmdlJTI3JTJDJTIwJTI4JTI5JTIwJTNEJTNFJTIwJTdCJTBBJTIwJTIwJTIwJTIwaWYlMjAlMjhpc0Jsb2NrZWQlMjhpbnB1dERhdGUudmFsdWUlMjklMjklMjAlN0IlMEElMjAlMjAlMjAlMjAlMjAlMjAlMjAlMjBpbnB1dERhdGUudmFsdWUlMjAlM0QlMjAlMjclMjclM0IlMEElMjAlMjAlMjAlMjAlMjAlMjAlMjAlMjBhbGVydCUyOCUyN1YlMjBkJUM1JTg4b2NoJTIwMTMuJTIwYSUyMDE2LiUyMGolQzMlQkFuYSUyMDIwMjUlMjBuaWUlMjBqZSUyMG1vJUM1JUJFbiVDMyVBOSUyMHZ5dHZvcmklQzUlQTUlMjByZXplcnYlQzMlQTFjaXUuJTI3JTI5JTNCJTBBJTIwJTIwJTIwJTIwJTIwJTIwJTIwJTIwc3VibWl0QnV0dG9uLmRpc2FibGVkJTIwJTNEJTIwdHJ1ZSUzQiUwQSUyMCUyMCUyMCUyMCU3RCUyMGVsc2UlMjAlN0IlMEElMjAlMjAlMjAlMjAlMjAlMjAlMjAlMjBzdWJtaXRCdXR0b24uZGlzYWJsZWQlMjAlM0QlMjBmYWxzZSUzQiUwQSUyMCUyMCUyMCUyMCU3RCUwQSUyMCUyMCUyMCUyMCU3RCUyOSUzQiUwQSU3RCUyOSUwQSUzQyUyRnNjcmlwdCUzRQ==[\/vc_raw_js][\/vc_column][\/vc_row]<\/p>\n<\/div>","protected":false},"excerpt":{"rendered":"<p>[vc_row row_content_width=&#8220;grid&#8220; content_text_aligment=&#8220;center&#8220;][vc_column css=&#8220;.vc_custom_1723734735182{padding-top: 35px !important;}&#8220;][\/vc_column][\/vc_row][vc_row][vc_column][vc_raw_js]JTNDc2NyaXB0JTNFJTBBJTIwJTIwJTIwJTIwZG9jdW1lbnQuYWRkRXZlbnRMaXN0ZW5lciUyOCUyN0RPTUNvbnRlbnRMb2FkZWQlMjclMkMlMjBmdW5jdGlvbiUyOCUyOSUyMCU3QiUwQSUyMCUyMCUyMCUyMGNvbnN0JTIwZm9ybSUyMCUzRCUyMGRvY3VtZW50LnF1ZXJ5U2VsZWN0b3IlMjglMjcud3BjZjctZm9ybSUyNyUyOSUzQiUwQSUyMCUyMCUyMCUyMGNvbnN0JTIwaW5wdXREYXRlJTIwJTNEJTIwZm9ybS5xdWVyeVNlbGVjdG9yJTI4JTI3aW5wdXQlNUJuYW1lJTNEJTIyZGF0ZSUyMiU1RCUyNyUyOSUzQiUwQSUyMCUyMCUyMCUyMGNvbnN0JTIwc3VibWl0QnV0dG9uJTIwJTNEJTIwZm9ybS5xdWVyeVNlbGVjdG9yJTI4JTI3aW5wdXQlNUJ0eXBlJTNEJTIyc3VibWl0JTIyJTVEJTI3JTI5JTNCJTBBJTBBJTBBJTIwJTIwJTIwJTIwY29uc3QlMjBibG9ja2VkRGF0ZXMlMjAlM0QlMjAlNUIlMjcyMDI1LTA2LTEzJTI3JTJDJTIwJTI3MjAyNS0wNi0xNiUyNyU1RCUzQiUwQSUwQSUyMCUyMCUyMCUyMGZ1bmN0aW9uJTIwaXNCbG9ja2VkJTI4ZGF0ZSUyOSUyMCU3QiUwQSUyMCUyMCUyMCUyMHJldHVybiUyMGJsb2NrZWREYXRlcy5pbmNsdWRlcyUyOGRhdGUlMjklM0IlMEElMjAlMjAlMjAlMjAlN0QlMEElMEElMjAlMjAlMjAlMjAlMkYlMkYlMjBWJTIwZCVDNSU4OG9jaCUyMDEzLiUyMGElMjAxNi4lMjBqJUMzJUJBbmElMjAyMDI1JTIwbmllJTIwamUlMjBtbyVDNSVCRW4lQzMlQTklMjB2eXR2b3JpJUM1JUE1JTIwcmV6ZXJ2JUMzJUExY2l1LiUwQSUyMCUyMCUyMCUyMCUyRiUyRiUyMFJlc2VydmF0aW9ucyUyMGFyZSUyMG5vdCUyMGF2YWlsYWJsZSUyMG9uJTIwSnVuZSUyMDEzJTIwYW5kJTIwSnVuZSUyMDE2JTJDJTIwMjAyNS4lMEElMEElMjAlMjAlMjAlMjAlMkYlMkYlMjBJbml0aWFsJTIwY2hlY2slMjBvbiUyMHBhZ2UlMjBsb2FkJTBBJTIwJTIwJTIwJTIwaWYlMjAlMjhpc0Jsb2NrZWQlMjhpbnB1dERhdGUudmFsdWUlMjklMjklMjAlN0IlMEElMjAlMjAlMjAlMjBpbnB1dERhdGUudmFsdWUlMjAlM0QlMjAlMjclMjclM0IlMEElMjAlMjAlMjAlMjAlN0QlMEElMEElMjAlMjAlMjAlMjAlMkYlMkYlMjBPcHRpb25hbCUzQSUyMEFkZCUyMGElMjBjaGFuZ2UlMjBsaXN0ZW5lciUyMGlmJTIwdGhlJTIwdXNlciUyMGNhbiUyMHN0aWxsJTIwY2hhbmdlJTIwdGhlJTIwZGF0ZSUwQSUyMCUyMCUyMCUyMGlucHV0RGF0ZS5hZGRFdmVudExpc3RlbmVyJTI4JTI3Y2hhbmdlJTI3JTJDJTIwJTI4JTI5JTIwJTNEJTNFJTIwJTdCJTBBJTIwJTIwJTIwJTIwaWYlMjAlMjhpc0Jsb2NrZWQlMjhpbnB1dERhdGUudmFsdWUlMjklMjklMjAlN0IlMEElMjAlMjAlMjAlMjAlMjAlMjAlMjAlMjBpbnB1dERhdGUudmFsdWUlMjAlM0QlMjAlMjclMjclM0IlMEElMjAlMjAlMjAlMjAlMjAlMjAlMjAlMjBhbGVydCUyOCUyN1YlMjBkJUM1JTg4b2NoJTIwMTMuJTIwYSUyMDE2LiUyMGolQzMlQkFuYSUyMDIwMjUlMjBuaWUlMjBqZSUyMG1vJUM1JUJFbiVDMyVBOSUyMHZ5dHZvcmklQzUlQTUlMjByZXplcnYlQzMlQTFjaXUuJTI3JTI5JTNCJTBBJTIwJTIwJTIwJTIwJTIwJTIwJTIwJTIwc3VibWl0QnV0dG9uLmRpc2FibGVkJTIwJTNEJTIwdHJ1ZSUzQiUwQSUyMCUyMCUyMCUyMCU3RCUyMGVsc2UlMjAlN0IlMEElMjAlMjAlMjAlMjAlMjAlMjAlMjAlMjBzdWJtaXRCdXR0b24uZGlzYWJsZWQlMjAlM0QlMjBmYWxzZSUzQiUwQSUyMCUyMCUyMCUyMCU3RCUwQSUyMCUyMCUyMCUyMCU3RCUyOSUzQiUwQSU3RCUyOSUwQSUzQyUyRnNjcmlwdCUzRQ==[\/vc_raw_js][\/vc_column][\/vc_row]<\/p>\n","protected":false},"author":1,"featured_media":0,"parent":0,"menu_order":0,"comment_status":"closed","ping_status":"closed","template":"full-width.php","meta":{"footnotes":""},"class_list":["post-335","page","type-page","status-publish","hentry"],"yoast_head":"<!-- This site is optimized with the Yoast SEO plugin v26.8 - https:\/\/yoast.com\/product\/yoast-seo-wordpress\/ -->\n<title>Rezerv\u00e1cia - MumBhai Central<\/title>\n<meta name=\"robots\" content=\"index, follow, max-snippet:-1, max-image-preview:large, max-video-preview:-1\" \/>\n<link rel=\"canonical\" href=\"https:\/\/mumbhai.sk\/central\/rezervacia\/\" \/>\n<meta property=\"og:locale\" content=\"sk_SK\" \/>\n<meta property=\"og:type\" content=\"article\" \/>\n<meta property=\"og:title\" content=\"Rezerv\u00e1cia - MumBhai Central\" \/>\n<meta property=\"og:description\" content=\"[vc_row row_content_width=&#8220;grid&#8220; content_text_aligment=&#8220;center&#8220;][vc_column css=&#8220;.vc_custom_1723734735182{padding-top: 35px !important;}&#8220;][\/vc_column][\/vc_row][vc_row][vc_column][vc_raw_js]JTNDc2NyaXB0JTNFJTBBJTIwJTIwJTIwJTIwZG9jdW1lbnQuYWRkRXZlbnRMaXN0ZW5lciUyOCUyN0RPTUNvbnRlbnRMb2FkZWQlMjclMkMlMjBmdW5jdGlvbiUyOCUyOSUyMCU3QiUwQSUyMCUyMCUyMCUyMGNvbnN0JTIwZm9ybSUyMCUzRCUyMGRvY3VtZW50LnF1ZXJ5U2VsZWN0b3IlMjglMjcud3BjZjctZm9ybSUyNyUyOSUzQiUwQSUyMCUyMCUyMCUyMGNvbnN0JTIwaW5wdXREYXRlJTIwJTNEJTIwZm9ybS5xdWVyeVNlbGVjdG9yJTI4JTI3aW5wdXQlNUJuYW1lJTNEJTIyZGF0ZSUyMiU1RCUyNyUyOSUzQiUwQSUyMCUyMCUyMCUyMGNvbnN0JTIwc3VibWl0QnV0dG9uJTIwJTNEJTIwZm9ybS5xdWVyeVNlbGVjdG9yJTI4JTI3aW5wdXQlNUJ0eXBlJTNEJTIyc3VibWl0JTIyJTVEJTI3JTI5JTNCJTBBJTBBJTBBJTIwJTIwJTIwJTIwY29uc3QlMjBibG9ja2VkRGF0ZXMlMjAlM0QlMjAlNUIlMjcyMDI1LTA2LTEzJTI3JTJDJTIwJTI3MjAyNS0wNi0xNiUyNyU1RCUzQiUwQSUwQSUyMCUyMCUyMCUyMGZ1bmN0aW9uJTIwaXNCbG9ja2VkJTI4ZGF0ZSUyOSUyMCU3QiUwQSUyMCUyMCUyMCUyMHJldHVybiUyMGJsb2NrZWREYXRlcy5pbmNsdWRlcyUyOGRhdGUlMjklM0IlMEElMjAlMjAlMjAlMjAlN0QlMEElMEElMjAlMjAlMjAlMjAlMkYlMkYlMjBWJTIwZCVDNSU4OG9jaCUyMDEzLiUyMGElMjAxNi4lMjBqJUMzJUJBbmElMjAyMDI1JTIwbmllJTIwamUlMjBtbyVDNSVCRW4lQzMlQTklMjB2eXR2b3JpJUM1JUE1JTIwcmV6ZXJ2JUMzJUExY2l1LiUwQSUyMCUyMCUyMCUyMCUyRiUyRiUyMFJlc2VydmF0aW9ucyUyMGFyZSUyMG5vdCUyMGF2YWlsYWJsZSUyMG9uJTIwSnVuZSUyMDEzJTIwYW5kJTIwSnVuZSUyMDE2JTJDJTIwMjAyNS4lMEElMEElMjAlMjAlMjAlMjAlMkYlMkYlMjBJbml0aWFsJTIwY2hlY2slMjBvbiUyMHBhZ2UlMjBsb2FkJTBBJTIwJTIwJTIwJTIwaWYlMjAlMjhpc0Jsb2NrZWQlMjhpbnB1dERhdGUudmFsdWUlMjklMjklMjAlN0IlMEElMjAlMjAlMjAlMjBpbnB1dERhdGUudmFsdWUlMjAlM0QlMjAlMjclMjclM0IlMEElMjAlMjAlMjAlMjAlN0QlMEElMEElMjAlMjAlMjAlMjAlMkYlMkYlMjBPcHRpb25hbCUzQSUyMEFkZCUyMGElMjBjaGFuZ2UlMjBsaXN0ZW5lciUyMGlmJTIwdGhlJTIwdXNlciUyMGNhbiUyMHN0aWxsJTIwY2hhbmdlJTIwdGhlJTIwZGF0ZSUwQSUyMCUyMCUyMCUyMGlucHV0RGF0ZS5hZGRFdmVudExpc3RlbmVyJTI4JTI3Y2hhbmdlJTI3JTJDJTIwJTI4JTI5JTIwJTNEJTNFJTIwJTdCJTBBJTIwJTIwJTIwJTIwaWYlMjAlMjhpc0Jsb2NrZWQlMjhpbnB1dERhdGUudmFsdWUlMjklMjklMjAlN0IlMEElMjAlMjAlMjAlMjAlMjAlMjAlMjAlMjBpbnB1dERhdGUudmFsdWUlMjAlM0QlMjAlMjclMjclM0IlMEElMjAlMjAlMjAlMjAlMjAlMjAlMjAlMjBhbGVydCUyOCUyN1YlMjBkJUM1JTg4b2NoJTIwMTMuJTIwYSUyMDE2LiUyMGolQzMlQkFuYSUyMDIwMjUlMjBuaWUlMjBqZSUyMG1vJUM1JUJFbiVDMyVBOSUyMHZ5dHZvcmklQzUlQTUlMjByZXplcnYlQzMlQTFjaXUuJTI3JTI5JTNCJTBBJTIwJTIwJTIwJTIwJTIwJTIwJTIwJTIwc3VibWl0QnV0dG9uLmRpc2FibGVkJTIwJTNEJTIwdHJ1ZSUzQiUwQSUyMCUyMCUyMCUyMCU3RCUyMGVsc2UlMjAlN0IlMEElMjAlMjAlMjAlMjAlMjAlMjAlMjAlMjBzdWJtaXRCdXR0b24uZGlzYWJsZWQlMjAlM0QlMjBmYWxzZSUzQiUwQSUyMCUyMCUyMCUyMCU3RCUwQSUyMCUyMCUyMCUyMCU3RCUyOSUzQiUwQSU3RCUyOSUwQSUzQyUyRnNjcmlwdCUzRQ==[\/vc_raw_js][\/vc_column][\/vc_row]\" \/>\n<meta property=\"og:url\" content=\"https:\/\/mumbhai.sk\/central\/rezervacia\/\" \/>\n<meta property=\"og:site_name\" content=\"MumBhai Central\" \/>\n<meta property=\"article:modified_time\" content=\"2025-06-06T00:07:22+00:00\" \/>\n<meta name=\"twitter:card\" content=\"summary_large_image\" \/>\n<meta name=\"twitter:label1\" content=\"Predpokladan\u00fd \u010das \u010d\u00edtania\" \/>\n\t<meta name=\"twitter:data1\" content=\"1 min\u00fata\" \/>\n<script type=\"application\/ld+json\" class=\"yoast-schema-graph\">{\"@context\":\"https:\/\/schema.org\",\"@graph\":[{\"@type\":\"WebPage\",\"@id\":\"https:\/\/mumbhai.sk\/central\/rezervacia\/\",\"url\":\"https:\/\/mumbhai.sk\/central\/rezervacia\/\",\"name\":\"Rezerv\u00e1cia - MumBhai Central\",\"isPartOf\":{\"@id\":\"https:\/\/mumbhai.sk\/central\/#website\"},\"datePublished\":\"2024-06-06T04:06:43+00:00\",\"dateModified\":\"2025-06-06T00:07:22+00:00\",\"breadcrumb\":{\"@id\":\"https:\/\/mumbhai.sk\/central\/rezervacia\/#breadcrumb\"},\"inLanguage\":\"sk-SK\",\"potentialAction\":[{\"@type\":\"ReadAction\",\"target\":[\"https:\/\/mumbhai.sk\/central\/rezervacia\/\"]}]},{\"@type\":\"BreadcrumbList\",\"@id\":\"https:\/\/mumbhai.sk\/central\/rezervacia\/#breadcrumb\",\"itemListElement\":[{\"@type\":\"ListItem\",\"position\":1,\"name\":\"Home\",\"item\":\"https:\/\/mumbhai.sk\/central\/\"},{\"@type\":\"ListItem\",\"position\":2,\"name\":\"Rezerv\u00e1cia\"}]},{\"@type\":\"WebSite\",\"@id\":\"https:\/\/mumbhai.sk\/central\/#website\",\"url\":\"https:\/\/mumbhai.sk\/central\/\",\"name\":\"MumBhai Central\",\"description\":\"\",\"potentialAction\":[{\"@type\":\"SearchAction\",\"target\":{\"@type\":\"EntryPoint\",\"urlTemplate\":\"https:\/\/mumbhai.sk\/central\/?s={search_term_string}\"},\"query-input\":{\"@type\":\"PropertyValueSpecification\",\"valueRequired\":true,\"valueName\":\"search_term_string\"}}],\"inLanguage\":\"sk-SK\"}]}<\/script>\n<!-- \/ Yoast SEO plugin. -->","yoast_head_json":{"title":"Rezerv\u00e1cia - MumBhai Central","robots":{"index":"index","follow":"follow","max-snippet":"max-snippet:-1","max-image-preview":"max-image-preview:large","max-video-preview":"max-video-preview:-1"},"canonical":"https:\/\/mumbhai.sk\/central\/rezervacia\/","og_locale":"sk_SK","og_type":"article","og_title":"Rezerv\u00e1cia - MumBhai Central","og_description":"[vc_row row_content_width=&#8220;grid&#8220; content_text_aligment=&#8220;center&#8220;][vc_column css=&#8220;.vc_custom_1723734735182{padding-top: 35px !important;}&#8220;][\/vc_column][\/vc_row][vc_row][vc_column][vc_raw_js]JTNDc2NyaXB0JTNFJTBBJTIwJTIwJTIwJTIwZG9jdW1lbnQuYWRkRXZlbnRMaXN0ZW5lciUyOCUyN0RPTUNvbnRlbnRMb2FkZWQlMjclMkMlMjBmdW5jdGlvbiUyOCUyOSUyMCU3QiUwQSUyMCUyMCUyMCUyMGNvbnN0JTIwZm9ybSUyMCUzRCUyMGRvY3VtZW50LnF1ZXJ5U2VsZWN0b3IlMjglMjcud3BjZjctZm9ybSUyNyUyOSUzQiUwQSUyMCUyMCUyMCUyMGNvbnN0JTIwaW5wdXREYXRlJTIwJTNEJTIwZm9ybS5xdWVyeVNlbGVjdG9yJTI4JTI3aW5wdXQlNUJuYW1lJTNEJTIyZGF0ZSUyMiU1RCUyNyUyOSUzQiUwQSUyMCUyMCUyMCUyMGNvbnN0JTIwc3VibWl0QnV0dG9uJTIwJTNEJTIwZm9ybS5xdWVyeVNlbGVjdG9yJTI4JTI3aW5wdXQlNUJ0eXBlJTNEJTIyc3VibWl0JTIyJTVEJTI3JTI5JTNCJTBBJTBBJTBBJTIwJTIwJTIwJTIwY29uc3QlMjBibG9ja2VkRGF0ZXMlMjAlM0QlMjAlNUIlMjcyMDI1LTA2LTEzJTI3JTJDJTIwJTI3MjAyNS0wNi0xNiUyNyU1RCUzQiUwQSUwQSUyMCUyMCUyMCUyMGZ1bmN0aW9uJTIwaXNCbG9ja2VkJTI4ZGF0ZSUyOSUyMCU3QiUwQSUyMCUyMCUyMCUyMHJldHVybiUyMGJsb2NrZWREYXRlcy5pbmNsdWRlcyUyOGRhdGUlMjklM0IlMEElMjAlMjAlMjAlMjAlN0QlMEElMEElMjAlMjAlMjAlMjAlMkYlMkYlMjBWJTIwZCVDNSU4OG9jaCUyMDEzLiUyMGElMjAxNi4lMjBqJUMzJUJBbmElMjAyMDI1JTIwbmllJTIwamUlMjBtbyVDNSVCRW4lQzMlQTklMjB2eXR2b3JpJUM1JUE1JTIwcmV6ZXJ2JUMzJUExY2l1LiUwQSUyMCUyMCUyMCUyMCUyRiUyRiUyMFJlc2VydmF0aW9ucyUyMGFyZSUyMG5vdCUyMGF2YWlsYWJsZSUyMG9uJTIwSnVuZSUyMDEzJTIwYW5kJTIwSnVuZSUyMDE2JTJDJTIwMjAyNS4lMEElMEElMjAlMjAlMjAlMjAlMkYlMkYlMjBJbml0aWFsJTIwY2hlY2slMjBvbiUyMHBhZ2UlMjBsb2FkJTBBJTIwJTIwJTIwJTIwaWYlMjAlMjhpc0Jsb2NrZWQlMjhpbnB1dERhdGUudmFsdWUlMjklMjklMjAlN0IlMEElMjAlMjAlMjAlMjBpbnB1dERhdGUudmFsdWUlMjAlM0QlMjAlMjclMjclM0IlMEElMjAlMjAlMjAlMjAlN0QlMEElMEElMjAlMjAlMjAlMjAlMkYlMkYlMjBPcHRpb25hbCUzQSUyMEFkZCUyMGElMjBjaGFuZ2UlMjBsaXN0ZW5lciUyMGlmJTIwdGhlJTIwdXNlciUyMGNhbiUyMHN0aWxsJTIwY2hhbmdlJTIwdGhlJTIwZGF0ZSUwQSUyMCUyMCUyMCUyMGlucHV0RGF0ZS5hZGRFdmVudExpc3RlbmVyJTI4JTI3Y2hhbmdlJTI3JTJDJTIwJTI4JTI5JTIwJTNEJTNFJTIwJTdCJTBBJTIwJTIwJTIwJTIwaWYlMjAlMjhpc0Jsb2NrZWQlMjhpbnB1dERhdGUudmFsdWUlMjklMjklMjAlN0IlMEElMjAlMjAlMjAlMjAlMjAlMjAlMjAlMjBpbnB1dERhdGUudmFsdWUlMjAlM0QlMjAlMjclMjclM0IlMEElMjAlMjAlMjAlMjAlMjAlMjAlMjAlMjBhbGVydCUyOCUyN1YlMjBkJUM1JTg4b2NoJTIwMTMuJTIwYSUyMDE2LiUyMGolQzMlQkFuYSUyMDIwMjUlMjBuaWUlMjBqZSUyMG1vJUM1JUJFbiVDMyVBOSUyMHZ5dHZvcmklQzUlQTUlMjByZXplcnYlQzMlQTFjaXUuJTI3JTI5JTNCJTBBJTIwJTIwJTIwJTIwJTIwJTIwJTIwJTIwc3VibWl0QnV0dG9uLmRpc2FibGVkJTIwJTNEJTIwdHJ1ZSUzQiUwQSUyMCUyMCUyMCUyMCU3RCUyMGVsc2UlMjAlN0IlMEElMjAlMjAlMjAlMjAlMjAlMjAlMjAlMjBzdWJtaXRCdXR0b24uZGlzYWJsZWQlMjAlM0QlMjBmYWxzZSUzQiUwQSUyMCUyMCUyMCUyMCU3RCUwQSUyMCUyMCUyMCUyMCU3RCUyOSUzQiUwQSU3RCUyOSUwQSUzQyUyRnNjcmlwdCUzRQ==[\/vc_raw_js][\/vc_column][\/vc_row]","og_url":"https:\/\/mumbhai.sk\/central\/rezervacia\/","og_site_name":"MumBhai Central","article_modified_time":"2025-06-06T00:07:22+00:00","twitter_card":"summary_large_image","twitter_misc":{"Predpokladan\u00fd \u010das \u010d\u00edtania":"1 min\u00fata"},"schema":{"@context":"https:\/\/schema.org","@graph":[{"@type":"WebPage","@id":"https:\/\/mumbhai.sk\/central\/rezervacia\/","url":"https:\/\/mumbhai.sk\/central\/rezervacia\/","name":"Rezerv\u00e1cia - MumBhai Central","isPartOf":{"@id":"https:\/\/mumbhai.sk\/central\/#website"},"datePublished":"2024-06-06T04:06:43+00:00","dateModified":"2025-06-06T00:07:22+00:00","breadcrumb":{"@id":"https:\/\/mumbhai.sk\/central\/rezervacia\/#breadcrumb"},"inLanguage":"sk-SK","potentialAction":[{"@type":"ReadAction","target":["https:\/\/mumbhai.sk\/central\/rezervacia\/"]}]},{"@type":"BreadcrumbList","@id":"https:\/\/mumbhai.sk\/central\/rezervacia\/#breadcrumb","itemListElement":[{"@type":"ListItem","position":1,"name":"Home","item":"https:\/\/mumbhai.sk\/central\/"},{"@type":"ListItem","position":2,"name":"Rezerv\u00e1cia"}]},{"@type":"WebSite","@id":"https:\/\/mumbhai.sk\/central\/#website","url":"https:\/\/mumbhai.sk\/central\/","name":"MumBhai Central","description":"","potentialAction":[{"@type":"SearchAction","target":{"@type":"EntryPoint","urlTemplate":"https:\/\/mumbhai.sk\/central\/?s={search_term_string}"},"query-input":{"@type":"PropertyValueSpecification","valueRequired":true,"valueName":"search_term_string"}}],"inLanguage":"sk-SK"}]}},"_links":{"self":[{"href":"https:\/\/mumbhai.sk\/central\/wp-json\/wp\/v2\/pages\/335","targetHints":{"allow":["GET"]}}],"collection":[{"href":"https:\/\/mumbhai.sk\/central\/wp-json\/wp\/v2\/pages"}],"about":[{"href":"https:\/\/mumbhai.sk\/central\/wp-json\/wp\/v2\/types\/page"}],"author":[{"embeddable":true,"href":"https:\/\/mumbhai.sk\/central\/wp-json\/wp\/v2\/users\/1"}],"replies":[{"embeddable":true,"href":"https:\/\/mumbhai.sk\/central\/wp-json\/wp\/v2\/comments?post=335"}],"version-history":[{"count":7,"href":"https:\/\/mumbhai.sk\/central\/wp-json\/wp\/v2\/pages\/335\/revisions"}],"predecessor-version":[{"id":5754,"href":"https:\/\/mumbhai.sk\/central\/wp-json\/wp\/v2\/pages\/335\/revisions\/5754"}],"wp:attachment":[{"href":"https:\/\/mumbhai.sk\/central\/wp-json\/wp\/v2\/media?parent=335"}],"curies":[{"name":"wp","href":"https:\/\/api.w.org\/{rel}","templated":true}]}}