{"id":5648,"date":"2024-09-07T12:46:39","date_gmt":"2024-09-07T10:46:39","guid":{"rendered":"https:\/\/mumbhai.sk\/central\/?page_id=5648"},"modified":"2024-09-07T12:50:03","modified_gmt":"2024-09-07T10:50:03","slug":"our-story","status":"publish","type":"page","link":"https:\/\/mumbhai.sk\/central\/en\/our-story\/","title":{"rendered":"Our story"},"content":{"rendered":"<div class=\"wpb-content-wrapper\"><p>[vc_row row_content_width=&#8220;grid&#8220; content_text_aligment=&#8220;center&#8220; simple_background_color=&#8220;#ffffff&#8220; css=&#8220;.vc_custom_1723731804946{background-position: 0 0 !important;background-repeat: no-repeat !important;}&#8220;][vc_column][vc_row_inner css=&#8220;.vc_custom_1717914149825{margin-bottom: 25px !important;}&#8220;][vc_column_inner][vc_column_text css=&#8220;&#8220;]<\/p>\n<p style=\"text-align: left;\">We want to create a community of Indian cuisine lovers! Our space offers a pleasant atmosphere and quality food with an experience:<\/p>\n<ul style=\"text-align: left;\">\n<li>Quick lunches,<\/li>\n<li>Slow dinners,<\/li>\n<li>Seating by large windows,<\/li>\n<li>Lounge atmosphere,<\/li>\n<li>Private events and celebrations,<\/li>\n<li>Degustation dinners.<\/li>\n<\/ul>\n<p style=\"text-align: left;\">Thank you to everyone who has helped and continues to help us.<\/p>\n<p>[\/vc_column_text][\/vc_column_inner][\/vc_row_inner][vc_row_inner css=&#8220;.vc_custom_1717914160214{margin-bottom: 25px !important;}&#8220;][vc_column_inner][vc_single_image image=&#8220;5365&#8243; img_size=&#8220;full&#8220; alignment=&#8220;center&#8220;][\/vc_column_inner][\/vc_row_inner][vc_row_inner css=&#8220;.vc_custom_1717914168680{margin-bottom: 25px !important;}&#8220;][vc_column_inner][vc_column_text css=&#8220;&#8220;]<\/p>\n<p style=\"text-align: left;\">Anyone can open a business with money, buy expensive furniture and tableware, hire the best marketing agency, and employ skilled people. But one thing no one can buy is a soul.<\/p>\n<p style=\"text-align: left;\">In the picture is our shared soul of MumBhai Central: my sister Shamili and her husband Vitin, who have worked hard and dedicatedly with me all along. And their son Bambi, who brings us luck.<\/p>\n<p style=\"text-align: left;\">Together, we strive to create a restaurant that gives you not just a <em>&#8222;yum&#8220;<\/em> feeling, but a <em>&#8222;wow&#8220;<\/em> one. A place where we welcome you as if you were <em>at home with us<\/em>.<\/p>\n<p>[\/vc_column_text][\/vc_column_inner][\/vc_row_inner][\/vc_column][\/vc_row]<\/p>\n<\/div>","protected":false},"excerpt":{"rendered":"<p>[vc_row row_content_width=&#8220;grid&#8220; content_text_aligment=&#8220;center&#8220; simple_background_color=&#8220;#ffffff&#8220; css=&#8220;.vc_custom_1723731804946{background-position: 0 0 !important;background-repeat: no-repeat !important;}&#8220;][vc_column][vc_row_inner css=&#8220;.vc_custom_1717914149825{margin-bottom: 25px !important;}&#8220;][vc_column_inner][vc_column_text css=&#8220;&#8220;] We want to create a community of Indian cuisine lovers! Our space offers a pleasant atmosphere and quality food with an experience: Quick lunches, Slow dinners, Seating by large windows, Lounge atmosphere, Private events and celebrations, Degustation dinners. Thank you to everyone who has helped and continues to help us. [\/vc_column_text][\/vc_column_inner][\/vc_row_inner][vc_row_inner css=&#8220;.vc_custom_1717914160214{margin-bottom: 25px !important;}&#8220;][vc_column_inner][vc_single_image image=&#8220;5365&#8243; img_size=&#8220;full&#8220; alignment=&#8220;center&#8220;][\/vc_column_inner][\/vc_row_inner][vc_row_inner css=&#8220;.vc_custom_1717914168680{margin-bottom: 25px !important;}&#8220;][vc_column_inner][vc_column_text css=&#8220;&#8220;] Anyone can open a business with money, buy expensive furniture and tableware, hire the best marketing agency, and employ skilled people. But one thing no [&hellip;]<\/p>\n","protected":false},"author":1,"featured_media":0,"parent":0,"menu_order":0,"comment_status":"closed","ping_status":"closed","template":"full-width.php","meta":{"footnotes":""},"class_list":["post-5648","page","type-page","status-publish","hentry"],"yoast_head":"<!-- This site is optimized with the Yoast SEO plugin v26.8 - https:\/\/yoast.com\/product\/yoast-seo-wordpress\/ -->\n<title>Our story - MumBhai Central<\/title>\n<meta name=\"robots\" content=\"index, follow, max-snippet:-1, max-image-preview:large, max-video-preview:-1\" \/>\n<link rel=\"canonical\" href=\"https:\/\/mumbhai.sk\/central\/en\/our-story\/\" \/>\n<meta property=\"og:locale\" content=\"sk_SK\" \/>\n<meta property=\"og:type\" content=\"article\" \/>\n<meta property=\"og:title\" content=\"Our story - MumBhai Central\" \/>\n<meta property=\"og:description\" content=\"[vc_row row_content_width=&#8220;grid&#8220; content_text_aligment=&#8220;center&#8220; simple_background_color=&#8220;#ffffff&#8220; css=&#8220;.vc_custom_1723731804946{background-position: 0 0 !important;background-repeat: no-repeat !important;}&#8220;][vc_column][vc_row_inner css=&#8220;.vc_custom_1717914149825{margin-bottom: 25px !important;}&#8220;][vc_column_inner][vc_column_text css=&#8220;&#8220;] We want to create a community of Indian cuisine lovers! Our space offers a pleasant atmosphere and quality food with an experience: Quick lunches, Slow dinners, Seating by large windows, Lounge atmosphere, Private events and celebrations, Degustation dinners. Thank you to everyone who has helped and continues to help us. [\/vc_column_text][\/vc_column_inner][\/vc_row_inner][vc_row_inner css=&#8220;.vc_custom_1717914160214{margin-bottom: 25px !important;}&#8220;][vc_column_inner][vc_single_image image=&#8220;5365&#8243; img_size=&#8220;full&#8220; alignment=&#8220;center&#8220;][\/vc_column_inner][\/vc_row_inner][vc_row_inner css=&#8220;.vc_custom_1717914168680{margin-bottom: 25px !important;}&#8220;][vc_column_inner][vc_column_text css=&#8220;&#8220;] Anyone can open a business with money, buy expensive furniture and tableware, hire the best marketing agency, and employ skilled people. But one thing no [&hellip;]\" \/>\n<meta property=\"og:url\" content=\"https:\/\/mumbhai.sk\/central\/en\/our-story\/\" \/>\n<meta property=\"og:site_name\" content=\"MumBhai Central\" \/>\n<meta property=\"article:modified_time\" content=\"2024-09-07T10:50:03+00:00\" \/>\n<meta name=\"twitter:card\" content=\"summary_large_image\" \/>\n<meta name=\"twitter:label1\" content=\"Predpokladan\u00fd \u010das \u010d\u00edtania\" \/>\n\t<meta name=\"twitter:data1\" content=\"2 min\u00faty\" \/>\n<script type=\"application\/ld+json\" class=\"yoast-schema-graph\">{\"@context\":\"https:\/\/schema.org\",\"@graph\":[{\"@type\":\"WebPage\",\"@id\":\"https:\/\/mumbhai.sk\/central\/en\/our-story\/\",\"url\":\"https:\/\/mumbhai.sk\/central\/en\/our-story\/\",\"name\":\"Our story - MumBhai Central\",\"isPartOf\":{\"@id\":\"https:\/\/mumbhai.sk\/central\/#website\"},\"datePublished\":\"2024-09-07T10:46:39+00:00\",\"dateModified\":\"2024-09-07T10:50:03+00:00\",\"breadcrumb\":{\"@id\":\"https:\/\/mumbhai.sk\/central\/en\/our-story\/#breadcrumb\"},\"inLanguage\":\"sk-SK\",\"potentialAction\":[{\"@type\":\"ReadAction\",\"target\":[\"https:\/\/mumbhai.sk\/central\/en\/our-story\/\"]}]},{\"@type\":\"BreadcrumbList\",\"@id\":\"https:\/\/mumbhai.sk\/central\/en\/our-story\/#breadcrumb\",\"itemListElement\":[{\"@type\":\"ListItem\",\"position\":1,\"name\":\"Home\",\"item\":\"https:\/\/mumbhai.sk\/central\/\"},{\"@type\":\"ListItem\",\"position\":2,\"name\":\"Our story\"}]},{\"@type\":\"WebSite\",\"@id\":\"https:\/\/mumbhai.sk\/central\/#website\",\"url\":\"https:\/\/mumbhai.sk\/central\/\",\"name\":\"MumBhai Central\",\"description\":\"\",\"potentialAction\":[{\"@type\":\"SearchAction\",\"target\":{\"@type\":\"EntryPoint\",\"urlTemplate\":\"https:\/\/mumbhai.sk\/central\/?s={search_term_string}\"},\"query-input\":{\"@type\":\"PropertyValueSpecification\",\"valueRequired\":true,\"valueName\":\"search_term_string\"}}],\"inLanguage\":\"sk-SK\"}]}<\/script>\n<!-- \/ Yoast SEO plugin. -->","yoast_head_json":{"title":"Our story - MumBhai Central","robots":{"index":"index","follow":"follow","max-snippet":"max-snippet:-1","max-image-preview":"max-image-preview:large","max-video-preview":"max-video-preview:-1"},"canonical":"https:\/\/mumbhai.sk\/central\/en\/our-story\/","og_locale":"sk_SK","og_type":"article","og_title":"Our story - MumBhai Central","og_description":"[vc_row row_content_width=&#8220;grid&#8220; content_text_aligment=&#8220;center&#8220; simple_background_color=&#8220;#ffffff&#8220; css=&#8220;.vc_custom_1723731804946{background-position: 0 0 !important;background-repeat: no-repeat !important;}&#8220;][vc_column][vc_row_inner css=&#8220;.vc_custom_1717914149825{margin-bottom: 25px !important;}&#8220;][vc_column_inner][vc_column_text css=&#8220;&#8220;] We want to create a community of Indian cuisine lovers! Our space offers a pleasant atmosphere and quality food with an experience: Quick lunches, Slow dinners, Seating by large windows, Lounge atmosphere, Private events and celebrations, Degustation dinners. Thank you to everyone who has helped and continues to help us. [\/vc_column_text][\/vc_column_inner][\/vc_row_inner][vc_row_inner css=&#8220;.vc_custom_1717914160214{margin-bottom: 25px !important;}&#8220;][vc_column_inner][vc_single_image image=&#8220;5365&#8243; img_size=&#8220;full&#8220; alignment=&#8220;center&#8220;][\/vc_column_inner][\/vc_row_inner][vc_row_inner css=&#8220;.vc_custom_1717914168680{margin-bottom: 25px !important;}&#8220;][vc_column_inner][vc_column_text css=&#8220;&#8220;] Anyone can open a business with money, buy expensive furniture and tableware, hire the best marketing agency, and employ skilled people. But one thing no [&hellip;]","og_url":"https:\/\/mumbhai.sk\/central\/en\/our-story\/","og_site_name":"MumBhai Central","article_modified_time":"2024-09-07T10:50:03+00:00","twitter_card":"summary_large_image","twitter_misc":{"Predpokladan\u00fd \u010das \u010d\u00edtania":"2 min\u00faty"},"schema":{"@context":"https:\/\/schema.org","@graph":[{"@type":"WebPage","@id":"https:\/\/mumbhai.sk\/central\/en\/our-story\/","url":"https:\/\/mumbhai.sk\/central\/en\/our-story\/","name":"Our story - MumBhai Central","isPartOf":{"@id":"https:\/\/mumbhai.sk\/central\/#website"},"datePublished":"2024-09-07T10:46:39+00:00","dateModified":"2024-09-07T10:50:03+00:00","breadcrumb":{"@id":"https:\/\/mumbhai.sk\/central\/en\/our-story\/#breadcrumb"},"inLanguage":"sk-SK","potentialAction":[{"@type":"ReadAction","target":["https:\/\/mumbhai.sk\/central\/en\/our-story\/"]}]},{"@type":"BreadcrumbList","@id":"https:\/\/mumbhai.sk\/central\/en\/our-story\/#breadcrumb","itemListElement":[{"@type":"ListItem","position":1,"name":"Home","item":"https:\/\/mumbhai.sk\/central\/"},{"@type":"ListItem","position":2,"name":"Our story"}]},{"@type":"WebSite","@id":"https:\/\/mumbhai.sk\/central\/#website","url":"https:\/\/mumbhai.sk\/central\/","name":"MumBhai Central","description":"","potentialAction":[{"@type":"SearchAction","target":{"@type":"EntryPoint","urlTemplate":"https:\/\/mumbhai.sk\/central\/?s={search_term_string}"},"query-input":{"@type":"PropertyValueSpecification","valueRequired":true,"valueName":"search_term_string"}}],"inLanguage":"sk-SK"}]}},"_links":{"self":[{"href":"https:\/\/mumbhai.sk\/central\/wp-json\/wp\/v2\/pages\/5648","targetHints":{"allow":["GET"]}}],"collection":[{"href":"https:\/\/mumbhai.sk\/central\/wp-json\/wp\/v2\/pages"}],"about":[{"href":"https:\/\/mumbhai.sk\/central\/wp-json\/wp\/v2\/types\/page"}],"author":[{"embeddable":true,"href":"https:\/\/mumbhai.sk\/central\/wp-json\/wp\/v2\/users\/1"}],"replies":[{"embeddable":true,"href":"https:\/\/mumbhai.sk\/central\/wp-json\/wp\/v2\/comments?post=5648"}],"version-history":[{"count":3,"href":"https:\/\/mumbhai.sk\/central\/wp-json\/wp\/v2\/pages\/5648\/revisions"}],"predecessor-version":[{"id":5651,"href":"https:\/\/mumbhai.sk\/central\/wp-json\/wp\/v2\/pages\/5648\/revisions\/5651"}],"wp:attachment":[{"href":"https:\/\/mumbhai.sk\/central\/wp-json\/wp\/v2\/media?parent=5648"}],"curies":[{"name":"wp","href":"https:\/\/api.w.org\/{rel}","templated":true}]}}