{"id":567,"date":"2024-06-06T06:06:58","date_gmt":"2024-06-06T04:06:58","guid":{"rendered":"http:\/\/ande.mikado-themes.com\/?page_id=567"},"modified":"2025-06-05T13:21:43","modified_gmt":"2025-06-05T11:21:43","slug":"kontakt","status":"publish","type":"page","link":"https:\/\/mumbhai.sk\/central\/kontakt\/","title":{"rendered":"Kontakt"},"content":{"rendered":"<div class=\"wpb-content-wrapper\"><p>[vc_row row_content_width=&#8220;grid&#8220;][vc_column]<div class=\"mkdf-google-map-holder\">\n\t<div class=\"mkdf-google-map\" id=\"mkdf-map-2693480\" data-addresses='[\"MumBhai Central - Indian Restaurant\"]' data-custom-map-style=yes data-color-overlay=#393939 data-saturation=-100 data-lightness=50 data-zoom=16 data-pin=https:\/\/mumbhai.sk\/central\/wp-content\/uploads\/2024\/06\/logo-76px.png data-unique-id=2693480 data-scroll-wheel=yes data-height=420px ><\/div>\n\t\t<\/div>\n[\/vc_column][\/vc_row][vc_row row_content_width=&#8220;grid&#8220; css=&#8220;.vc_custom_1528442839268{padding-top: 49px !important;}&#8220;][vc_column width=&#8220;1\/3&#8243; offset=&#8220;vc_col-lg-4 vc_col-md-6&#8243;][vc_column_text css=&#8220;.vc_custom_1718005656827{padding-bottom: 2px !important;}&#8220;]<\/p>\n<h6>MumBhai Central<\/h6>\n<p>[\/vc_column_text][vc_column_text css=&#8220;&#8220;]<strong>Mileti\u010dova 71<\/strong><br \/>\n821 09 Bratislava<\/p>\n<p><strong>Pondelok &#8211; Sobota<\/strong><br \/>\n11:00 &#8211; 21:00<\/p>\n<p><strong><a href=\"tel:0917661521\">0917 661 521<\/a><\/strong><br \/>\n<strong><a href=\"mailto:mumbhai.central@mumbhai.sk\">mumbhai.central@mumbhai.sk<\/a><\/strong>[\/vc_column_text][vc_empty_space height=&#8220;30px&#8220;][\/vc_column][vc_column width=&#8220;1\/3&#8243; offset=&#8220;vc_col-lg-4 vc_col-md-6&#8243;][vc_column_text css=&#8220;.vc_custom_1718005642563{padding-bottom: 2px !important;}&#8220;]<\/p>\n<h6>Parkovanie v okol\u00ed<\/h6>\n<p>[\/vc_column_text][vc_column_text css=&#8220;&#8220;]<strong>Parkovac\u00ed dom Plyn\u00e1rensk\u00e1 7<\/strong><\/p>\n<p><strong>Ulice Ru\u017eov\u00e1 dolina, Liptovsk\u00e1, Zvolensk\u00e1 <\/strong>pod\u013ea PAAS syst\u00e9mu (aplik\u00e1cia ParkDots)[\/vc_column_text][vc_empty_space height=&#8220;30px&#8220;][\/vc_column][vc_column width=&#8220;1\/3&#8243; offset=&#8220;vc_col-lg-4 vc_col-md-6&#8243;][vc_column_text css=&#8220;.vc_custom_1718005696505{padding-bottom: 2px !important;}&#8220;]<\/p>\n<h6>MHD<\/h6>\n<p>[\/vc_column_text][vc_column_text]Zast\u00e1vka <strong>Mileti\u010dova<\/strong><\/p>\n<p>Linky <strong>42, 70, 71, 72<\/strong>[\/vc_column_text][vc_empty_space height=&#8220;30px&#8220;][\/vc_column][\/vc_row]<\/p>\n<\/div>","protected":false},"excerpt":{"rendered":"<p>[vc_row row_content_width=&#8220;grid&#8220;][vc_column][\/vc_column][\/vc_row][vc_row row_content_width=&#8220;grid&#8220; css=&#8220;.vc_custom_1528442839268{padding-top: 49px !important;}&#8220;][vc_column width=&#8220;1\/3&#8243; offset=&#8220;vc_col-lg-4 vc_col-md-6&#8243;][vc_column_text css=&#8220;.vc_custom_1718005656827{padding-bottom: 2px !important;}&#8220;] MumBhai Central [\/vc_column_text][vc_column_text css=&#8220;&#8220;]Mileti\u010dova 71 821 09 Bratislava Pondelok &#8211; Sobota 11:00 &#8211; 21:00 0917 661 521 mumbhai.central@mumbhai.sk[\/vc_column_text][vc_empty_space height=&#8220;30px&#8220;][\/vc_column][vc_column width=&#8220;1\/3&#8243; offset=&#8220;vc_col-lg-4 vc_col-md-6&#8243;][vc_column_text css=&#8220;.vc_custom_1718005642563{padding-bottom: 2px !important;}&#8220;] Parkovanie v okol\u00ed [\/vc_column_text][vc_column_text css=&#8220;&#8220;]Parkovac\u00ed dom Plyn\u00e1rensk\u00e1 7 Ulice Ru\u017eov\u00e1 dolina, Liptovsk\u00e1, Zvolensk\u00e1 pod\u013ea PAAS syst\u00e9mu (aplik\u00e1cia ParkDots)[\/vc_column_text][vc_empty_space height=&#8220;30px&#8220;][\/vc_column][vc_column width=&#8220;1\/3&#8243; offset=&#8220;vc_col-lg-4 vc_col-md-6&#8243;][vc_column_text css=&#8220;.vc_custom_1718005696505{padding-bottom: 2px !important;}&#8220;] MHD [\/vc_column_text][vc_column_text]Zast\u00e1vka Mileti\u010dova Linky 42, 70, 71, 72[\/vc_column_text][vc_empty_space height=&#8220;30px&#8220;][\/vc_column][\/vc_row]<\/p>\n","protected":false},"author":1,"featured_media":0,"parent":0,"menu_order":0,"comment_status":"closed","ping_status":"closed","template":"full-width.php","meta":{"footnotes":""},"class_list":["post-567","page","type-page","status-publish","hentry"],"yoast_head":"<!-- This site is optimized with the Yoast SEO plugin v26.8 - https:\/\/yoast.com\/product\/yoast-seo-wordpress\/ -->\n<title>Kontakt - MumBhai Central<\/title>\n<meta name=\"robots\" content=\"index, follow, max-snippet:-1, max-image-preview:large, max-video-preview:-1\" \/>\n<link rel=\"canonical\" href=\"https:\/\/mumbhai.sk\/central\/kontakt\/\" \/>\n<meta property=\"og:locale\" content=\"sk_SK\" \/>\n<meta property=\"og:type\" content=\"article\" \/>\n<meta property=\"og:title\" content=\"Kontakt - MumBhai Central\" \/>\n<meta property=\"og:description\" content=\"[vc_row row_content_width=&#8220;grid&#8220;][vc_column][\/vc_column][\/vc_row][vc_row row_content_width=&#8220;grid&#8220; css=&#8220;.vc_custom_1528442839268{padding-top: 49px !important;}&#8220;][vc_column width=&#8220;1\/3&#8243; offset=&#8220;vc_col-lg-4 vc_col-md-6&#8243;][vc_column_text css=&#8220;.vc_custom_1718005656827{padding-bottom: 2px !important;}&#8220;] MumBhai Central [\/vc_column_text][vc_column_text css=&#8220;&#8220;]Mileti\u010dova 71 821 09 Bratislava Pondelok &#8211; Sobota 11:00 &#8211; 21:00 0917 661 521 mumbhai.central@mumbhai.sk[\/vc_column_text][vc_empty_space height=&#8220;30px&#8220;][\/vc_column][vc_column width=&#8220;1\/3&#8243; offset=&#8220;vc_col-lg-4 vc_col-md-6&#8243;][vc_column_text css=&#8220;.vc_custom_1718005642563{padding-bottom: 2px !important;}&#8220;] Parkovanie v okol\u00ed [\/vc_column_text][vc_column_text css=&#8220;&#8220;]Parkovac\u00ed dom Plyn\u00e1rensk\u00e1 7 Ulice Ru\u017eov\u00e1 dolina, Liptovsk\u00e1, Zvolensk\u00e1 pod\u013ea PAAS syst\u00e9mu (aplik\u00e1cia ParkDots)[\/vc_column_text][vc_empty_space height=&#8220;30px&#8220;][\/vc_column][vc_column width=&#8220;1\/3&#8243; offset=&#8220;vc_col-lg-4 vc_col-md-6&#8243;][vc_column_text css=&#8220;.vc_custom_1718005696505{padding-bottom: 2px !important;}&#8220;] MHD [\/vc_column_text][vc_column_text]Zast\u00e1vka Mileti\u010dova Linky 42, 70, 71, 72[\/vc_column_text][vc_empty_space height=&#8220;30px&#8220;][\/vc_column][\/vc_row]\" \/>\n<meta property=\"og:url\" content=\"https:\/\/mumbhai.sk\/central\/kontakt\/\" \/>\n<meta property=\"og:site_name\" content=\"MumBhai Central\" \/>\n<meta property=\"article:modified_time\" content=\"2025-06-05T11:21:43+00:00\" \/>\n<meta name=\"twitter:card\" content=\"summary_large_image\" \/>\n<meta name=\"twitter:label1\" content=\"Predpokladan\u00fd \u010das \u010d\u00edtania\" \/>\n\t<meta name=\"twitter:data1\" content=\"1 min\u00fata\" \/>\n<script type=\"application\/ld+json\" class=\"yoast-schema-graph\">{\"@context\":\"https:\/\/schema.org\",\"@graph\":[{\"@type\":\"WebPage\",\"@id\":\"https:\/\/mumbhai.sk\/central\/kontakt\/\",\"url\":\"https:\/\/mumbhai.sk\/central\/kontakt\/\",\"name\":\"Kontakt - MumBhai Central\",\"isPartOf\":{\"@id\":\"https:\/\/mumbhai.sk\/central\/#website\"},\"datePublished\":\"2024-06-06T04:06:58+00:00\",\"dateModified\":\"2025-06-05T11:21:43+00:00\",\"breadcrumb\":{\"@id\":\"https:\/\/mumbhai.sk\/central\/kontakt\/#breadcrumb\"},\"inLanguage\":\"sk-SK\",\"potentialAction\":[{\"@type\":\"ReadAction\",\"target\":[\"https:\/\/mumbhai.sk\/central\/kontakt\/\"]}]},{\"@type\":\"BreadcrumbList\",\"@id\":\"https:\/\/mumbhai.sk\/central\/kontakt\/#breadcrumb\",\"itemListElement\":[{\"@type\":\"ListItem\",\"position\":1,\"name\":\"Home\",\"item\":\"https:\/\/mumbhai.sk\/central\/\"},{\"@type\":\"ListItem\",\"position\":2,\"name\":\"Kontakt\"}]},{\"@type\":\"WebSite\",\"@id\":\"https:\/\/mumbhai.sk\/central\/#website\",\"url\":\"https:\/\/mumbhai.sk\/central\/\",\"name\":\"MumBhai Central\",\"description\":\"\",\"potentialAction\":[{\"@type\":\"SearchAction\",\"target\":{\"@type\":\"EntryPoint\",\"urlTemplate\":\"https:\/\/mumbhai.sk\/central\/?s={search_term_string}\"},\"query-input\":{\"@type\":\"PropertyValueSpecification\",\"valueRequired\":true,\"valueName\":\"search_term_string\"}}],\"inLanguage\":\"sk-SK\"}]}<\/script>\n<!-- \/ Yoast SEO plugin. -->","yoast_head_json":{"title":"Kontakt - MumBhai Central","robots":{"index":"index","follow":"follow","max-snippet":"max-snippet:-1","max-image-preview":"max-image-preview:large","max-video-preview":"max-video-preview:-1"},"canonical":"https:\/\/mumbhai.sk\/central\/kontakt\/","og_locale":"sk_SK","og_type":"article","og_title":"Kontakt - MumBhai Central","og_description":"[vc_row row_content_width=&#8220;grid&#8220;][vc_column][\/vc_column][\/vc_row][vc_row row_content_width=&#8220;grid&#8220; css=&#8220;.vc_custom_1528442839268{padding-top: 49px !important;}&#8220;][vc_column width=&#8220;1\/3&#8243; offset=&#8220;vc_col-lg-4 vc_col-md-6&#8243;][vc_column_text css=&#8220;.vc_custom_1718005656827{padding-bottom: 2px !important;}&#8220;] MumBhai Central [\/vc_column_text][vc_column_text css=&#8220;&#8220;]Mileti\u010dova 71 821 09 Bratislava Pondelok &#8211; Sobota 11:00 &#8211; 21:00 0917 661 521 mumbhai.central@mumbhai.sk[\/vc_column_text][vc_empty_space height=&#8220;30px&#8220;][\/vc_column][vc_column width=&#8220;1\/3&#8243; offset=&#8220;vc_col-lg-4 vc_col-md-6&#8243;][vc_column_text css=&#8220;.vc_custom_1718005642563{padding-bottom: 2px !important;}&#8220;] Parkovanie v okol\u00ed [\/vc_column_text][vc_column_text css=&#8220;&#8220;]Parkovac\u00ed dom Plyn\u00e1rensk\u00e1 7 Ulice Ru\u017eov\u00e1 dolina, Liptovsk\u00e1, Zvolensk\u00e1 pod\u013ea PAAS syst\u00e9mu (aplik\u00e1cia ParkDots)[\/vc_column_text][vc_empty_space height=&#8220;30px&#8220;][\/vc_column][vc_column width=&#8220;1\/3&#8243; offset=&#8220;vc_col-lg-4 vc_col-md-6&#8243;][vc_column_text css=&#8220;.vc_custom_1718005696505{padding-bottom: 2px !important;}&#8220;] MHD [\/vc_column_text][vc_column_text]Zast\u00e1vka Mileti\u010dova Linky 42, 70, 71, 72[\/vc_column_text][vc_empty_space height=&#8220;30px&#8220;][\/vc_column][\/vc_row]","og_url":"https:\/\/mumbhai.sk\/central\/kontakt\/","og_site_name":"MumBhai Central","article_modified_time":"2025-06-05T11:21:43+00:00","twitter_card":"summary_large_image","twitter_misc":{"Predpokladan\u00fd \u010das \u010d\u00edtania":"1 min\u00fata"},"schema":{"@context":"https:\/\/schema.org","@graph":[{"@type":"WebPage","@id":"https:\/\/mumbhai.sk\/central\/kontakt\/","url":"https:\/\/mumbhai.sk\/central\/kontakt\/","name":"Kontakt - MumBhai Central","isPartOf":{"@id":"https:\/\/mumbhai.sk\/central\/#website"},"datePublished":"2024-06-06T04:06:58+00:00","dateModified":"2025-06-05T11:21:43+00:00","breadcrumb":{"@id":"https:\/\/mumbhai.sk\/central\/kontakt\/#breadcrumb"},"inLanguage":"sk-SK","potentialAction":[{"@type":"ReadAction","target":["https:\/\/mumbhai.sk\/central\/kontakt\/"]}]},{"@type":"BreadcrumbList","@id":"https:\/\/mumbhai.sk\/central\/kontakt\/#breadcrumb","itemListElement":[{"@type":"ListItem","position":1,"name":"Home","item":"https:\/\/mumbhai.sk\/central\/"},{"@type":"ListItem","position":2,"name":"Kontakt"}]},{"@type":"WebSite","@id":"https:\/\/mumbhai.sk\/central\/#website","url":"https:\/\/mumbhai.sk\/central\/","name":"MumBhai Central","description":"","potentialAction":[{"@type":"SearchAction","target":{"@type":"EntryPoint","urlTemplate":"https:\/\/mumbhai.sk\/central\/?s={search_term_string}"},"query-input":{"@type":"PropertyValueSpecification","valueRequired":true,"valueName":"search_term_string"}}],"inLanguage":"sk-SK"}]}},"_links":{"self":[{"href":"https:\/\/mumbhai.sk\/central\/wp-json\/wp\/v2\/pages\/567","targetHints":{"allow":["GET"]}}],"collection":[{"href":"https:\/\/mumbhai.sk\/central\/wp-json\/wp\/v2\/pages"}],"about":[{"href":"https:\/\/mumbhai.sk\/central\/wp-json\/wp\/v2\/types\/page"}],"author":[{"embeddable":true,"href":"https:\/\/mumbhai.sk\/central\/wp-json\/wp\/v2\/users\/1"}],"replies":[{"embeddable":true,"href":"https:\/\/mumbhai.sk\/central\/wp-json\/wp\/v2\/comments?post=567"}],"version-history":[{"count":6,"href":"https:\/\/mumbhai.sk\/central\/wp-json\/wp\/v2\/pages\/567\/revisions"}],"predecessor-version":[{"id":5737,"href":"https:\/\/mumbhai.sk\/central\/wp-json\/wp\/v2\/pages\/567\/revisions\/5737"}],"wp:attachment":[{"href":"https:\/\/mumbhai.sk\/central\/wp-json\/wp\/v2\/media?parent=567"}],"curies":[{"name":"wp","href":"https:\/\/api.w.org\/{rel}","templated":true}]}}