{"id":691,"date":"2024-06-06T06:06:15","date_gmt":"2024-06-06T04:06:15","guid":{"rendered":"http:\/\/ande.mikado-themes.com\/?page_id=691"},"modified":"2024-09-07T12:46:07","modified_gmt":"2024-09-07T10:46:07","slug":"nas-pribeh","status":"publish","type":"page","link":"https:\/\/mumbhai.sk\/central\/nas-pribeh\/","title":{"rendered":"N\u00e1\u0161 pr\u00edbeh"},"content":{"rendered":"<div class=\"wpb-content-wrapper\"><p>[vc_row row_content_width=&#8220;grid&#8220; content_text_aligment=&#8220;center&#8220; simple_background_color=&#8220;#ffffff&#8220; css=&#8220;.vc_custom_1723731804946{background-position: 0 0 !important;background-repeat: no-repeat !important;}&#8220;][vc_column][vc_row_inner css=&#8220;.vc_custom_1717914149825{margin-bottom: 25px !important;}&#8220;][vc_column_inner][vc_column_text css=&#8220;&#8220;]<\/p>\n<p style=\"text-align: left;\">Chceme vytvori\u0165 komunitu milovn\u00edkov indickej kuchyne! N\u00e1\u0161 priestor pon\u00faka pr\u00edjemn\u00fa atmosf\u00e9ru a kvalitn\u00e9 jedlo so z\u00e1\u017eitkom:<\/p>\n<ul style=\"text-align: left;\">\n<li>r\u00fdchle obedy,<\/li>\n<li>pomal\u00e9 ve\u010dere,<\/li>\n<li>sedenie pri ve\u013ek\u00fdch okn\u00e1ch,<\/li>\n<li>lounge atmosf\u00e9ra,<\/li>\n<li>s\u00fakromn\u00e9 akcie a oslavy,<\/li>\n<li>degusta\u010dn\u00e9 ve\u010dere.<\/li>\n<\/ul>\n<p style=\"text-align: left;\">\u010eakujem v\u0161etk\u00fdm, ktor\u00ed n\u00e1m pomohli a pom\u00e1haj\u00fa.<\/p>\n<p>[\/vc_column_text][\/vc_column_inner][\/vc_row_inner][vc_row_inner css=&#8220;.vc_custom_1717914160214{margin-bottom: 25px !important;}&#8220;][vc_column_inner][vc_single_image image=&#8220;5365&#8243; img_size=&#8220;full&#8220; alignment=&#8220;center&#8220;][\/vc_column_inner][\/vc_row_inner][vc_row_inner css=&#8220;.vc_custom_1717914168680{margin-bottom: 25px !important;}&#8220;][vc_column_inner][vc_column_text css=&#8220;&#8220;]<\/p>\n<p style=\"text-align: left;\">Hocikto si m\u00f4\u017ee za peniaze otvori\u0165 podnik, nak\u00fapi\u0165 drah\u00fd n\u00e1bytok a serv\u00edrovanie, zaplati\u0165 najlep\u0161iu marketingov\u00fa agent\u00faru a zamestna\u0165 kvalitn\u00fdch \u013eud\u00ed. Ale jedna vec, ktor\u00fa si nem\u00f4\u017ee nikto k\u00fapi\u0165, je du\u0161a.<\/p>\n<p style=\"text-align: left;\">Na fotke je na\u0161a spolo\u010dn\u00e1 du\u0161a MumBhai Central: moja sestra Shamili a jej man\u017eel Vitin, ktor\u00ed so mnou tvrdo a oddane po cel\u00fd \u010das pracuj\u00fa. A ich syn Bambi, ktor\u00fd n\u00e1m nos\u00ed \u0161\u0165astie.<\/p>\n<p style=\"text-align: left;\">Spolo\u010dne sa sna\u017e\u00edme na tom, aby sme vytvorili re\u0161taur\u00e1ciu, z ktorej dostanete nielen pocit <em>m\u0148am<\/em>, ale aj <em>uau<\/em>. Kde v\u00e1s priv\u00edtame ako <em>u n\u00e1s, doma<\/em>.<\/p>\n<p>[\/vc_column_text][\/vc_column_inner][\/vc_row_inner][\/vc_column][\/vc_row]<\/p>\n<\/div>","protected":false},"excerpt":{"rendered":"<p>[vc_row row_content_width=&#8220;grid&#8220; content_text_aligment=&#8220;center&#8220; simple_background_color=&#8220;#ffffff&#8220; css=&#8220;.vc_custom_1723731804946{background-position: 0 0 !important;background-repeat: no-repeat !important;}&#8220;][vc_column][vc_row_inner css=&#8220;.vc_custom_1717914149825{margin-bottom: 25px !important;}&#8220;][vc_column_inner][vc_column_text css=&#8220;&#8220;] Chceme vytvori\u0165 komunitu milovn\u00edkov indickej kuchyne! N\u00e1\u0161 priestor pon\u00faka pr\u00edjemn\u00fa atmosf\u00e9ru a kvalitn\u00e9 jedlo so z\u00e1\u017eitkom: r\u00fdchle obedy, pomal\u00e9 ve\u010dere, sedenie pri ve\u013ek\u00fdch okn\u00e1ch, lounge atmosf\u00e9ra, s\u00fakromn\u00e9 akcie a oslavy, degusta\u010dn\u00e9 ve\u010dere. \u010eakujem v\u0161etk\u00fdm, ktor\u00ed n\u00e1m pomohli a pom\u00e1haj\u00fa. [\/vc_column_text][\/vc_column_inner][\/vc_row_inner][vc_row_inner css=&#8220;.vc_custom_1717914160214{margin-bottom: 25px !important;}&#8220;][vc_column_inner][vc_single_image image=&#8220;5365&#8243; img_size=&#8220;full&#8220; alignment=&#8220;center&#8220;][\/vc_column_inner][\/vc_row_inner][vc_row_inner css=&#8220;.vc_custom_1717914168680{margin-bottom: 25px !important;}&#8220;][vc_column_inner][vc_column_text css=&#8220;&#8220;] Hocikto si m\u00f4\u017ee za peniaze otvori\u0165 podnik, nak\u00fapi\u0165 drah\u00fd n\u00e1bytok a serv\u00edrovanie, zaplati\u0165 najlep\u0161iu marketingov\u00fa agent\u00faru a zamestna\u0165 kvalitn\u00fdch \u013eud\u00ed. Ale jedna vec, ktor\u00fa si nem\u00f4\u017ee nikto k\u00fapi\u0165, je du\u0161a. Na fotke je na\u0161a spolo\u010dn\u00e1 du\u0161a [&hellip;]<\/p>\n","protected":false},"author":1,"featured_media":0,"parent":0,"menu_order":0,"comment_status":"closed","ping_status":"closed","template":"full-width.php","meta":{"footnotes":""},"class_list":["post-691","page","type-page","status-publish","hentry"],"yoast_head":"<!-- This site is optimized with the Yoast SEO plugin v26.8 - https:\/\/yoast.com\/product\/yoast-seo-wordpress\/ -->\n<title>N\u00e1\u0161 pr\u00edbeh - MumBhai Central<\/title>\n<meta name=\"robots\" content=\"index, follow, max-snippet:-1, max-image-preview:large, max-video-preview:-1\" \/>\n<link rel=\"canonical\" href=\"https:\/\/mumbhai.sk\/central\/nas-pribeh\/\" \/>\n<meta property=\"og:locale\" content=\"sk_SK\" \/>\n<meta property=\"og:type\" content=\"article\" \/>\n<meta property=\"og:title\" content=\"N\u00e1\u0161 pr\u00edbeh - MumBhai Central\" \/>\n<meta property=\"og:description\" content=\"[vc_row row_content_width=&#8220;grid&#8220; content_text_aligment=&#8220;center&#8220; simple_background_color=&#8220;#ffffff&#8220; css=&#8220;.vc_custom_1723731804946{background-position: 0 0 !important;background-repeat: no-repeat !important;}&#8220;][vc_column][vc_row_inner css=&#8220;.vc_custom_1717914149825{margin-bottom: 25px !important;}&#8220;][vc_column_inner][vc_column_text css=&#8220;&#8220;] Chceme vytvori\u0165 komunitu milovn\u00edkov indickej kuchyne! N\u00e1\u0161 priestor pon\u00faka pr\u00edjemn\u00fa atmosf\u00e9ru a kvalitn\u00e9 jedlo so z\u00e1\u017eitkom: r\u00fdchle obedy, pomal\u00e9 ve\u010dere, sedenie pri ve\u013ek\u00fdch okn\u00e1ch, lounge atmosf\u00e9ra, s\u00fakromn\u00e9 akcie a oslavy, degusta\u010dn\u00e9 ve\u010dere. \u010eakujem v\u0161etk\u00fdm, ktor\u00ed n\u00e1m pomohli a pom\u00e1haj\u00fa. [\/vc_column_text][\/vc_column_inner][\/vc_row_inner][vc_row_inner css=&#8220;.vc_custom_1717914160214{margin-bottom: 25px !important;}&#8220;][vc_column_inner][vc_single_image image=&#8220;5365&#8243; img_size=&#8220;full&#8220; alignment=&#8220;center&#8220;][\/vc_column_inner][\/vc_row_inner][vc_row_inner css=&#8220;.vc_custom_1717914168680{margin-bottom: 25px !important;}&#8220;][vc_column_inner][vc_column_text css=&#8220;&#8220;] Hocikto si m\u00f4\u017ee za peniaze otvori\u0165 podnik, nak\u00fapi\u0165 drah\u00fd n\u00e1bytok a serv\u00edrovanie, zaplati\u0165 najlep\u0161iu marketingov\u00fa agent\u00faru a zamestna\u0165 kvalitn\u00fdch \u013eud\u00ed. Ale jedna vec, ktor\u00fa si nem\u00f4\u017ee nikto k\u00fapi\u0165, je du\u0161a. Na fotke je na\u0161a spolo\u010dn\u00e1 du\u0161a [&hellip;]\" \/>\n<meta property=\"og:url\" content=\"https:\/\/mumbhai.sk\/central\/nas-pribeh\/\" \/>\n<meta property=\"og:site_name\" content=\"MumBhai Central\" \/>\n<meta property=\"article:modified_time\" content=\"2024-09-07T10:46:07+00:00\" \/>\n<meta name=\"twitter:card\" content=\"summary_large_image\" \/>\n<meta name=\"twitter:label1\" content=\"Predpokladan\u00fd \u010das \u010d\u00edtania\" \/>\n\t<meta name=\"twitter:data1\" content=\"2 min\u00faty\" \/>\n<script type=\"application\/ld+json\" class=\"yoast-schema-graph\">{\"@context\":\"https:\/\/schema.org\",\"@graph\":[{\"@type\":\"WebPage\",\"@id\":\"https:\/\/mumbhai.sk\/central\/nas-pribeh\/\",\"url\":\"https:\/\/mumbhai.sk\/central\/nas-pribeh\/\",\"name\":\"N\u00e1\u0161 pr\u00edbeh - MumBhai Central\",\"isPartOf\":{\"@id\":\"https:\/\/mumbhai.sk\/central\/#website\"},\"datePublished\":\"2024-06-06T04:06:15+00:00\",\"dateModified\":\"2024-09-07T10:46:07+00:00\",\"breadcrumb\":{\"@id\":\"https:\/\/mumbhai.sk\/central\/nas-pribeh\/#breadcrumb\"},\"inLanguage\":\"sk-SK\",\"potentialAction\":[{\"@type\":\"ReadAction\",\"target\":[\"https:\/\/mumbhai.sk\/central\/nas-pribeh\/\"]}]},{\"@type\":\"BreadcrumbList\",\"@id\":\"https:\/\/mumbhai.sk\/central\/nas-pribeh\/#breadcrumb\",\"itemListElement\":[{\"@type\":\"ListItem\",\"position\":1,\"name\":\"Home\",\"item\":\"https:\/\/mumbhai.sk\/central\/\"},{\"@type\":\"ListItem\",\"position\":2,\"name\":\"N\u00e1\u0161 pr\u00edbeh\"}]},{\"@type\":\"WebSite\",\"@id\":\"https:\/\/mumbhai.sk\/central\/#website\",\"url\":\"https:\/\/mumbhai.sk\/central\/\",\"name\":\"MumBhai Central\",\"description\":\"\",\"potentialAction\":[{\"@type\":\"SearchAction\",\"target\":{\"@type\":\"EntryPoint\",\"urlTemplate\":\"https:\/\/mumbhai.sk\/central\/?s={search_term_string}\"},\"query-input\":{\"@type\":\"PropertyValueSpecification\",\"valueRequired\":true,\"valueName\":\"search_term_string\"}}],\"inLanguage\":\"sk-SK\"}]}<\/script>\n<!-- \/ Yoast SEO plugin. -->","yoast_head_json":{"title":"N\u00e1\u0161 pr\u00edbeh - MumBhai Central","robots":{"index":"index","follow":"follow","max-snippet":"max-snippet:-1","max-image-preview":"max-image-preview:large","max-video-preview":"max-video-preview:-1"},"canonical":"https:\/\/mumbhai.sk\/central\/nas-pribeh\/","og_locale":"sk_SK","og_type":"article","og_title":"N\u00e1\u0161 pr\u00edbeh - MumBhai Central","og_description":"[vc_row row_content_width=&#8220;grid&#8220; content_text_aligment=&#8220;center&#8220; simple_background_color=&#8220;#ffffff&#8220; css=&#8220;.vc_custom_1723731804946{background-position: 0 0 !important;background-repeat: no-repeat !important;}&#8220;][vc_column][vc_row_inner css=&#8220;.vc_custom_1717914149825{margin-bottom: 25px !important;}&#8220;][vc_column_inner][vc_column_text css=&#8220;&#8220;] Chceme vytvori\u0165 komunitu milovn\u00edkov indickej kuchyne! N\u00e1\u0161 priestor pon\u00faka pr\u00edjemn\u00fa atmosf\u00e9ru a kvalitn\u00e9 jedlo so z\u00e1\u017eitkom: r\u00fdchle obedy, pomal\u00e9 ve\u010dere, sedenie pri ve\u013ek\u00fdch okn\u00e1ch, lounge atmosf\u00e9ra, s\u00fakromn\u00e9 akcie a oslavy, degusta\u010dn\u00e9 ve\u010dere. \u010eakujem v\u0161etk\u00fdm, ktor\u00ed n\u00e1m pomohli a pom\u00e1haj\u00fa. [\/vc_column_text][\/vc_column_inner][\/vc_row_inner][vc_row_inner css=&#8220;.vc_custom_1717914160214{margin-bottom: 25px !important;}&#8220;][vc_column_inner][vc_single_image image=&#8220;5365&#8243; img_size=&#8220;full&#8220; alignment=&#8220;center&#8220;][\/vc_column_inner][\/vc_row_inner][vc_row_inner css=&#8220;.vc_custom_1717914168680{margin-bottom: 25px !important;}&#8220;][vc_column_inner][vc_column_text css=&#8220;&#8220;] Hocikto si m\u00f4\u017ee za peniaze otvori\u0165 podnik, nak\u00fapi\u0165 drah\u00fd n\u00e1bytok a serv\u00edrovanie, zaplati\u0165 najlep\u0161iu marketingov\u00fa agent\u00faru a zamestna\u0165 kvalitn\u00fdch \u013eud\u00ed. Ale jedna vec, ktor\u00fa si nem\u00f4\u017ee nikto k\u00fapi\u0165, je du\u0161a. Na fotke je na\u0161a spolo\u010dn\u00e1 du\u0161a [&hellip;]","og_url":"https:\/\/mumbhai.sk\/central\/nas-pribeh\/","og_site_name":"MumBhai Central","article_modified_time":"2024-09-07T10:46:07+00:00","twitter_card":"summary_large_image","twitter_misc":{"Predpokladan\u00fd \u010das \u010d\u00edtania":"2 min\u00faty"},"schema":{"@context":"https:\/\/schema.org","@graph":[{"@type":"WebPage","@id":"https:\/\/mumbhai.sk\/central\/nas-pribeh\/","url":"https:\/\/mumbhai.sk\/central\/nas-pribeh\/","name":"N\u00e1\u0161 pr\u00edbeh - MumBhai Central","isPartOf":{"@id":"https:\/\/mumbhai.sk\/central\/#website"},"datePublished":"2024-06-06T04:06:15+00:00","dateModified":"2024-09-07T10:46:07+00:00","breadcrumb":{"@id":"https:\/\/mumbhai.sk\/central\/nas-pribeh\/#breadcrumb"},"inLanguage":"sk-SK","potentialAction":[{"@type":"ReadAction","target":["https:\/\/mumbhai.sk\/central\/nas-pribeh\/"]}]},{"@type":"BreadcrumbList","@id":"https:\/\/mumbhai.sk\/central\/nas-pribeh\/#breadcrumb","itemListElement":[{"@type":"ListItem","position":1,"name":"Home","item":"https:\/\/mumbhai.sk\/central\/"},{"@type":"ListItem","position":2,"name":"N\u00e1\u0161 pr\u00edbeh"}]},{"@type":"WebSite","@id":"https:\/\/mumbhai.sk\/central\/#website","url":"https:\/\/mumbhai.sk\/central\/","name":"MumBhai Central","description":"","potentialAction":[{"@type":"SearchAction","target":{"@type":"EntryPoint","urlTemplate":"https:\/\/mumbhai.sk\/central\/?s={search_term_string}"},"query-input":{"@type":"PropertyValueSpecification","valueRequired":true,"valueName":"search_term_string"}}],"inLanguage":"sk-SK"}]}},"_links":{"self":[{"href":"https:\/\/mumbhai.sk\/central\/wp-json\/wp\/v2\/pages\/691","targetHints":{"allow":["GET"]}}],"collection":[{"href":"https:\/\/mumbhai.sk\/central\/wp-json\/wp\/v2\/pages"}],"about":[{"href":"https:\/\/mumbhai.sk\/central\/wp-json\/wp\/v2\/types\/page"}],"author":[{"embeddable":true,"href":"https:\/\/mumbhai.sk\/central\/wp-json\/wp\/v2\/users\/1"}],"replies":[{"embeddable":true,"href":"https:\/\/mumbhai.sk\/central\/wp-json\/wp\/v2\/comments?post=691"}],"version-history":[{"count":6,"href":"https:\/\/mumbhai.sk\/central\/wp-json\/wp\/v2\/pages\/691\/revisions"}],"predecessor-version":[{"id":5647,"href":"https:\/\/mumbhai.sk\/central\/wp-json\/wp\/v2\/pages\/691\/revisions\/5647"}],"wp:attachment":[{"href":"https:\/\/mumbhai.sk\/central\/wp-json\/wp\/v2\/media?parent=691"}],"curies":[{"name":"wp","href":"https:\/\/api.w.org\/{rel}","templated":true}]}}